{"id":31620,"date":"2019-12-14T13:22:56","date_gmt":"2019-12-14T12:22:56","guid":{"rendered":"https:\/\/maxmaticbymetaconcept.com\/?page_id=31620"},"modified":"2019-12-14T13:24:05","modified_gmt":"2019-12-14T12:24:05","slug":"legal-notice","status":"publish","type":"page","link":"https:\/\/maxmaticbymetaconcept.com\/en\/legal-notice\/","title":{"rendered":"Legal notice"},"content":{"rendered":"<div class=\"wpb-content-wrapper\"><p>[vc_row][vc_column][vc_column_text]<b><span style=\"color: #800000;\">The translation of the legal notice in English is in progress, you will be able to consult them soon<\/span>\u00a0<\/b><\/p>\n<h3 class=\"p1\"><span class=\"s2\">1. Pr\u00e9sentation du site.<\/span><\/h3>\n<p class=\"p1\"><span class=\"s1\">En vertu de l&#8217;article 6 de la loi n\u00b0 2004-575 du 21 juin 2004 pour la confiance dans l&#8217;\u00e9conomie num\u00e9rique, il est pr\u00e9cis\u00e9 aux utilisateurs du site https:\/\/maxmaticbymetaconcept.com\/ l&#8217;identit\u00e9 des diff\u00e9rents intervenants dans le cadre de sa r\u00e9alisation et de son suivi :<\/span><\/p>\n<p class=\"p1\"><span class=\"s2\">Propri\u00e9taire <\/span><span class=\"s1\">: METACONCEPT GROUPE \u2013 SIRET 44189411000028 \u2013 Parc des Sables 17, route des Sables 69630 Chaponost.<\/span><\/p>\n<p class=\"p1\"><span class=\"s2\">Cr\u00e9ateur<\/span><span class=\"s1\"> : Kassidy<\/span><\/p>\n<p class=\"p1\"><span class=\"s2\">Responsable publication<\/span><span class=\"s1\"> : METACONCEPT GROUPE\u00a0 <a href=\"mailto:info@metaconcept.fr\"><span class=\"s3\">info@metaconcept.fr<\/span><\/a><\/span><\/p>\n<p class=\"p1\"><span class=\"s1\">Le responsable publication est une personne morale.<\/span><\/p>\n<p class=\"p1\"><span class=\"s2\">Webmaster <\/span><span class=\"s1\">: Stephanie HORNUS \u2013 contact@kassidy.fr<\/span><\/p>\n<p class=\"p1\"><span class=\"s2\">H\u00e9bergeur<\/span><span class=\"s1\"> : OVH \u2013 77 Boulevard Marius Vivier Merle, 69003 Lyon<\/span><\/p>\n<p class=\"p1\"><span class=\"s1\">Cr\u00e9dits : Photographe Julien Rambaud, Agence KASSIDY, Agence 3eOeil.<\/span><\/p>\n<h3 class=\"p1\"><span class=\"s2\">2. Conditions g\u00e9n\u00e9rales d\u2019utilisation du site et des services propos\u00e9s.<\/span><\/h3>\n<p class=\"p1\"><span class=\"s1\">L\u2019utilisation du site https:\/\/maxmaticbymetaconcept.com\/ implique l\u2019acceptation pleine et enti\u00e8re des conditions g\u00e9n\u00e9rales d\u2019utilisation ci-apr\u00e8s d\u00e9crites. Ces conditions d\u2019utilisation sont susceptibles d\u2019\u00eatre modifi\u00e9es ou compl\u00e9t\u00e9es \u00e0 tout moment, les utilisateurs du site https:\/\/maxmaticbymetaconcept.com\/ sont donc invit\u00e9s \u00e0 les consulter de mani\u00e8re r\u00e9guli\u00e8re.<\/span><\/p>\n<p class=\"p1\"><span class=\"s1\">Ce site est normalement accessible \u00e0 tout moment aux utilisateurs. Une interruption pour raison de maintenance technique peut \u00eatre toutefois d\u00e9cid\u00e9e par METACONCEPT GROUPE, qui s&#8217;efforcera alors de communiquer pr\u00e9alablement aux utilisateurs les dates et heures de l&#8217;intervention.<\/span><\/p>\n<p class=\"p1\"><span class=\"s1\">Le site https:\/\/maxmaticbymetaconcept.com\/ est mis \u00e0 jour r\u00e9guli\u00e8rement. De la m\u00eame fa\u00e7on, les mentions l\u00e9gales peuvent \u00eatre modifi\u00e9es \u00e0 tout moment : elles s\u2019imposent n\u00e9anmoins \u00e0 l\u2019utilisateur qui est invit\u00e9 \u00e0 s\u2019y r\u00e9f\u00e9rer le plus souvent possible afin d\u2019en prendre connaissance.<\/span><\/p>\n<h3 class=\"p1\"><span class=\"s2\">3. Description des services fournis.<\/span><\/h3>\n<p class=\"p1\"><span class=\"s1\">Le site https:\/\/maxmaticbymetaconcept.com\/ a pour objet de fournir des informations concernant l\u2019ensemble des activit\u00e9s du groupe METACONCEPT.<\/span><\/p>\n<p class=\"p1\"><span class=\"s1\">METACONCEPT GROUPE s\u2019efforce de fournir sur le site https:\/\/maxmaticbymetaconcept.com\/ des informations aussi pr\u00e9cises que possible. Toutefois, elle ne pourra \u00eatre tenue responsable des omissions, des inexactitudes et des carences dans la mise \u00e0 jour, qu\u2019elles soient de son fait ou du fait des tiers partenaires qui lui fournissent ces informations.<\/span><\/p>\n<p class=\"p1\"><span class=\"s1\">Tous les informations indiqu\u00e9es sur le site https:\/\/maxmaticbymetaconcept.com\/ sont donn\u00e9es \u00e0 titre indicatif, et sont susceptibles d\u2019\u00e9voluer. Par ailleurs, les renseignements figurant sur le site https:\/\/maxmaticbymetaconcept.com\/ ne sont pas exhaustifs. Ils sont donn\u00e9s sous r\u00e9serve de modifications ayant \u00e9t\u00e9 apport\u00e9es depuis leur mise en ligne.<\/span><\/p>\n<h3 class=\"p1\"><span class=\"s2\">4. Limitations contractuelles sur les donn\u00e9es techniques.<\/span><\/h3>\n<p class=\"p1\"><span class=\"s1\">Le site utilise la technologie JavaScript.<\/span><\/p>\n<p class=\"p1\"><span class=\"s1\">Le site Internet ne pourra \u00eatre tenu responsable de dommages mat\u00e9riels li\u00e9s \u00e0 l\u2019utilisation du site. De plus, l\u2019utilisateur du site s\u2019engage \u00e0 acc\u00e9der au site en utilisant un mat\u00e9riel r\u00e9cent, ne contenant pas de virus et avec un navigateur de derni\u00e8re g\u00e9n\u00e9ration mis-\u00e0-jour.<\/span><\/p>\n<h3 class=\"p1\"><span class=\"s2\">5. Propri\u00e9t\u00e9 intellectuelle et contrefa\u00e7on.<\/span><\/h3>\n<p class=\"p1\"><span class=\"s1\">METACONCEPT GROUPE est propri\u00e9taire des droits de propri\u00e9t\u00e9 intellectuelle ou d\u00e9tient les droits d\u2019usage sur tous les \u00e9l\u00e9ments accessibles sur le site, notamment les textes, images, graphismes, logo, ic\u00f4nes, sons, logiciels.<\/span><\/p>\n<p class=\"p1\"><span class=\"s1\">Toute reproduction, repr\u00e9sentation, modification, publication, adaptation de tout ou partie des \u00e9l\u00e9ments du site, quel que soit le moyen ou le proc\u00e9d\u00e9 utilis\u00e9, est interdite, sauf autorisation \u00e9crite pr\u00e9alable de METACONCEPT GROUPE.<\/span><\/p>\n<p class=\"p1\"><span class=\"s1\">Toute exploitation non autoris\u00e9e du site ou de l\u2019un quelconque des \u00e9l\u00e9ments qu\u2019il contient sera consid\u00e9r\u00e9e comme constitutive d\u2019une contrefa\u00e7on et poursuivie conform\u00e9ment aux dispositions des articles L.335-2 et suivants du Code de Propri\u00e9t\u00e9 Intellectuelle.<\/span><\/p>\n<h3 class=\"p1\"><span class=\"s2\">6. Limitations de responsabilit\u00e9.<\/span><\/h3>\n<p class=\"p1\"><span class=\"s1\">METACONCEPT GROUPE ne pourra \u00eatre tenue responsable des dommages directs et indirects caus\u00e9s au mat\u00e9riel de l\u2019utilisateur, lors de l\u2019acc\u00e8s au site https:\/\/maxmaticbymetaconcept.com\/, et r\u00e9sultant soit de l\u2019utilisation d\u2019un mat\u00e9riel ne r\u00e9pondant pas aux sp\u00e9cifications indiqu\u00e9es au point 4, soit de l\u2019apparition d\u2019un bug ou d\u2019une incompatibilit\u00e9.<\/span><\/p>\n<p class=\"p1\"><span class=\"s1\">METACONCEPT GROUPE ne pourra \u00e9galement \u00eatre tenu responsable des dommages indirects (tels par exemple qu\u2019une perte de march\u00e9 ou perte d\u2019une chance) cons\u00e9cutifs \u00e0 l\u2019utilisation du site https:\/\/maxmaticbymetaconcept.com\/.<\/span><\/p>\n<p class=\"p1\"><span class=\"s1\">METACONCEPT GROUPE se r\u00e9serve le droit de supprimer, sans mise en demeure pr\u00e9alable, tout contenu qui contreviendrait \u00e0 la l\u00e9gislation applicable en France, en particulier aux dispositions relatives \u00e0 la protection des donn\u00e9es. Le cas \u00e9ch\u00e9ant, METACONCEPT GROUPE se r\u00e9serve \u00e9galement la possibilit\u00e9 de mettre en cause la responsabilit\u00e9 civile et\/ou p\u00e9nale de l\u2019utilisateur, notamment en cas de message \u00e0 caract\u00e8re raciste, injurieux, diffamant, ou pornographique, quel que soit le support utilis\u00e9 (texte, photographie\u2026).<\/span><\/p>\n<h3 class=\"p1\"><span class=\"s2\">7. Gestion des donn\u00e9es personnelles.<\/span><\/h3>\n<p class=\"p1\"><span class=\"s1\">En France, les donn\u00e9es personnelles sont notamment prot\u00e9g\u00e9es par la loi n\u00b0 78-87 du 6 janvier 1978, la loi n\u00b0 2004-801 du 6 ao\u00fbt 2004, l&#8217;article L. 226-13 du Code p\u00e9nal et la Directive Europ\u00e9enne du 24 octobre 1995.<\/span><\/p>\n<p class=\"p1\"><span class=\"s1\">A l&#8217;occasion de l&#8217;utilisation du site https:\/\/maxmaticbymetaconcept.com\/, peuvent \u00eatre recueillies : l&#8217;URL des liens par l&#8217;interm\u00e9diaire desquels l&#8217;utilisateur a acc\u00e9d\u00e9 au site https:\/\/maxmaticbymetaconcept.com\/, le fournisseur d&#8217;acc\u00e8s de l&#8217;utilisateur, l&#8217;adresse de protocole Internet (IP) de l&#8217;utilisateur.<\/span><\/p>\n<p class=\"p1\"><span class=\"s1\">En tout \u00e9tat de cause METACONCEPT GROUPE ne collecte des informations personnelles relatives \u00e0 l&#8217;utilisateur que pour le besoin de certains services propos\u00e9s par le site https:\/\/maxmaticbymetaconcept.com\/. L&#8217;utilisateur fournit ces informations en toute connaissance de cause, notamment lorsqu&#8217;il proc\u00e8de par lui-m\u00eame \u00e0 leur saisie. Il est alors pr\u00e9cis\u00e9 \u00e0 l&#8217;utilisateur du site https:\/\/maxmaticbymetaconcept.com\/ l\u2019obligation ou non de fournir ces informations.<\/span><\/p>\n<p class=\"p1\"><span class=\"s1\">Conform\u00e9ment aux dispositions des articles 38 et suivants de la loi 78-17 du 6 janvier 1978 relative \u00e0 l\u2019informatique, aux fichiers et aux libert\u00e9s, tout utilisateur dispose d\u2019un droit d\u2019acc\u00e8s, de rectification et d\u2019opposition aux donn\u00e9es personnelles le concernant. Il s\u2019agira de formuler sa demande \u00e9crite et sign\u00e9e, accompagn\u00e9e d\u2019une copie du titre d\u2019identit\u00e9 avec signature du titulaire de la pi\u00e8ce, en pr\u00e9cisant l\u2019adresse \u00e0 laquelle la r\u00e9ponse doit \u00eatre envoy\u00e9e, ou en contactant le groupe METACONCEPT via l\u2019adresse mail de contact <a href=\"mailto:maxmatic@metaconcept.fr\"><span class=\"s3\">maxmatic@metaconcept.fr<\/span><\/a> en fournissant les m\u00eames informations.<\/span><\/p>\n<p class=\"p1\"><span class=\"s1\">Aucune information personnelle de l&#8217;utilisateur du site https:\/\/maxmaticbymetaconcept.com\/ n&#8217;est publi\u00e9e \u00e0 son insu, \u00e9chang\u00e9e, transf\u00e9r\u00e9e, c\u00e9d\u00e9e ou vendue sur un support quelconque \u00e0 des tiers. Seule l&#8217;hypoth\u00e8se du rachat de METACONCEPT GROUPE et de ses droits permettrait la transmission des dites informations \u00e0 l&#8217;\u00e9ventuel acqu\u00e9reur qui serait \u00e0 son tour tenu de la m\u00eame obligation de conservation et de modification des donn\u00e9es vis \u00e0 vis de l&#8217;utilisateur du site https:\/\/maxmaticbymetaconcept.com\/.<\/span><\/p>\n<p class=\"p1\"><span class=\"s1\">Les bases de donn\u00e9es sont prot\u00e9g\u00e9es par les dispositions de la loi du 1er juillet 1998 transposant la directive 96\/9 du 11 mars 1996 relative \u00e0 la protection juridique des bases de donn\u00e9es.<\/span><\/p>\n<h3 class=\"p1\"><span class=\"s2\">8. Liens hypertextes et cookies.<\/span><\/h3>\n<p class=\"p1\"><span class=\"s1\">La navigation sur le site https:\/\/maxmaticbymetaconcept.com\/ est susceptible de provoquer l\u2019installation de cookie(s) sur l\u2019ordinateur de l\u2019utilisateur. Un cookie est un fichier de petite taille, qui ne permet pas l\u2019identification de l\u2019utilisateur, mais qui enregistre des informations relatives \u00e0 la navigation d\u2019un ordinateur sur un site. Les donn\u00e9es ainsi obtenues visent \u00e0 faciliter la navigation ult\u00e9rieure sur le site, et ont \u00e9galement vocation \u00e0 permettre diverses mesures de fr\u00e9quentation.<\/span><\/p>\n<p class=\"p1\"><span class=\"s1\">Le refus d\u2019installation d\u2019un cookie peut entra\u00eener l\u2019impossibilit\u00e9 d\u2019acc\u00e9der \u00e0 certains services. L\u2019utilisateur peut toutefois configurer son ordinateur de la mani\u00e8re suivante, pour refuser l\u2019installation des cookies :<\/span><\/p>\n<p class=\"p1\"><span class=\"s1\">Sous Internet Explorer : onglet outil (pictogramme en forme de rouage en haut \u00e0 droite) \/ options internet. Cliquez sur Confidentialit\u00e9 et choisissez Bloquer tous les cookies. Validez sur Ok.<\/span><\/p>\n<p class=\"p1\"><span class=\"s1\">Sous Firefox : en haut de la fen\u00eatre du navigateur, cliquez sur le bouton Firefox, puis aller dans l&#8217;onglet Options. Cliquer sur l&#8217;onglet Vie priv\u00e9e. Param\u00e9trez les r\u00e8gles de conservation sur : utiliser les param\u00e8tres personnalis\u00e9s pour l&#8217;historique. Enfin d\u00e9cochez-la pour d\u00e9sactiver les cookies.<\/span><\/p>\n<p class=\"p1\"><span class=\"s1\">Sous Safari : Cliquez en haut \u00e0 droite du navigateur sur le pictogramme de menu (symbolis\u00e9 par un rouage). S\u00e9lectionnez Param\u00e8tres. Cliquez sur Afficher les param\u00e8tres avanc\u00e9s. Dans la section &#8220;Confidentialit\u00e9&#8221;, cliquez sur Param\u00e8tres de contenu. Dans la section &#8220;Cookies&#8221;, vous pouvez bloquer les cookies.<\/span><\/p>\n<p class=\"p1\"><span class=\"s1\">Sous Chrome : Cliquez en haut \u00e0 droite du navigateur sur le pictogramme de menu (symbolis\u00e9 par trois lignes horizontales). S\u00e9lectionnez Param\u00e8tres. Cliquez sur Afficher les param\u00e8tres avanc\u00e9s. Dans la section &#8220;Confidentialit\u00e9&#8221;, cliquez sur pr\u00e9f\u00e9rences. Dans l&#8217;onglet &#8220;Confidentialit\u00e9&#8221;, vous pouvez bloquer les cookies.<\/span><\/p>\n<h3 class=\"p1\"><span class=\"s2\">9. Droit applicable et attribution de juridiction.<\/span><\/h3>\n<p class=\"p1\"><span class=\"s1\">Tout litige en relation avec l\u2019utilisation du site https:\/\/maxmaticbymetaconcept.com\/ est soumis au droit fran\u00e7ais. Il est fait attribution exclusive de juridiction aux tribunaux comp\u00e9tents de LYON.<\/span><\/p>\n<h3 class=\"p1\"><span class=\"s2\">10. Les principales lois concern\u00e9es.<\/span><\/h3>\n<p class=\"p1\"><span class=\"s1\">Loi n\u00b0 78-17 du 6 janvier 1978, notamment modifi\u00e9e par la loi n\u00b0 2004-801 du 6 ao\u00fbt 2004 relative \u00e0 l&#8217;informatique, aux fichiers et aux libert\u00e9s.<\/span><\/p>\n<p class=\"p1\"><span class=\"s1\">Loi n\u00b0 2004-575 du 21 juin 2004 pour la confiance dans l&#8217;\u00e9conomie num\u00e9rique.<\/span><\/p>\n<h3 class=\"p1\"><span class=\"s2\">11. Lexique.<\/span><\/h3>\n<p class=\"p1\"><span class=\"s1\">Utilisateur : Internaute se connectant, utilisant le site susnomm\u00e9.<\/span><\/p>\n<p class=\"p1\"><span class=\"s1\">Informations personnelles : \u00ab les informations qui permettent, sous quelque forme que ce soit, directement ou non, l&#8217;identification des personnes physiques auxquelles elles s&#8217;appliquent \u00bb (article 4 de la loi n\u00b0 78-17 du 6 janvier 1978).<\/span><\/p>\n<p>[\/vc_column_text][\/vc_column][\/vc_row]<\/p>\n<\/div>","protected":false},"excerpt":{"rendered":"<p>[vc_row][vc_column][vc_column_text]The translation of the legal notice in English is in progress, you will be able to consult them soon\u00a0 1&#8230;.<\/p>\n","protected":false},"author":3,"featured_media":0,"parent":0,"menu_order":0,"comment_status":"closed","ping_status":"closed","template":"","meta":[],"acf":[],"yoast_head":"<!-- This site is optimized with the Yoast SEO plugin v19.6.1 - https:\/\/yoast.com\/wordpress\/plugins\/seo\/ -->\n<title>Legal notice - Maxmatic by Metaconcept<\/title>\n<meta name=\"description\" content=\"Legal notice - Maxmatic, concepteur d&#039;injecteurs de cire, partenaire privil\u00e9gi\u00e9 des plus grandes maisons de bijouterie en France et dans le Monde depuis plus de 10 ans.\" \/>\n<meta name=\"robots\" content=\"index, follow, max-snippet:-1, max-image-preview:large, max-video-preview:-1\" \/>\n<link rel=\"canonical\" href=\"https:\/\/maxmaticbymetaconcept.com\/en\/legal-notice\/\" \/>\n<meta property=\"og:locale\" content=\"en_US\" \/>\n<meta property=\"og:type\" content=\"article\" \/>\n<meta property=\"og:title\" content=\"Legal notice - Maxmatic by Metaconcept\" \/>\n<meta property=\"og:description\" content=\"Legal notice - Maxmatic, concepteur d&#039;injecteurs de cire, partenaire privil\u00e9gi\u00e9 des plus grandes maisons de bijouterie en France et dans le Monde depuis plus de 10 ans.\" \/>\n<meta property=\"og:url\" content=\"https:\/\/maxmaticbymetaconcept.com\/en\/legal-notice\/\" \/>\n<meta property=\"og:site_name\" content=\"Maxmatic by Metaconcept\" \/>\n<meta property=\"article:modified_time\" content=\"2019-12-14T12:24:05+00:00\" \/>\n<meta name=\"twitter:card\" content=\"summary_large_image\" \/>\n<meta name=\"twitter:label1\" content=\"Est. reading time\" \/>\n\t<meta name=\"twitter:data1\" content=\"8 minutes\" \/>\n<script type=\"application\/ld+json\" class=\"yoast-schema-graph\">{\"@context\":\"https:\/\/schema.org\",\"@graph\":[{\"@type\":\"WebPage\",\"@id\":\"https:\/\/maxmaticbymetaconcept.com\/en\/legal-notice\/\",\"url\":\"https:\/\/maxmaticbymetaconcept.com\/en\/legal-notice\/\",\"name\":\"Legal notice - Maxmatic by Metaconcept\",\"isPartOf\":{\"@id\":\"https:\/\/maxmaticbymetaconcept.com\/fr\/#website\"},\"datePublished\":\"2019-12-14T12:22:56+00:00\",\"dateModified\":\"2019-12-14T12:24:05+00:00\",\"description\":\"Legal notice - Maxmatic, concepteur d'injecteurs de cire, partenaire privil\u00e9gi\u00e9 des plus grandes maisons de bijouterie en France et dans le Monde depuis plus de 10 ans.\",\"breadcrumb\":{\"@id\":\"https:\/\/maxmaticbymetaconcept.com\/en\/legal-notice\/#breadcrumb\"},\"inLanguage\":\"en-US\",\"potentialAction\":[{\"@type\":\"ReadAction\",\"target\":[\"https:\/\/maxmaticbymetaconcept.com\/en\/legal-notice\/\"]}]},{\"@type\":\"BreadcrumbList\",\"@id\":\"https:\/\/maxmaticbymetaconcept.com\/en\/legal-notice\/#breadcrumb\",\"itemListElement\":[{\"@type\":\"ListItem\",\"position\":1,\"name\":\"Accueil\",\"item\":\"https:\/\/maxmaticbymetaconcept.com\/en\/\"},{\"@type\":\"ListItem\",\"position\":2,\"name\":\"Legal notice\"}]},{\"@type\":\"WebSite\",\"@id\":\"https:\/\/maxmaticbymetaconcept.com\/fr\/#website\",\"url\":\"https:\/\/maxmaticbymetaconcept.com\/fr\/\",\"name\":\"Maxmatic by Metaconcept\",\"description\":\"Concepteur d\u2019automates et d\u2019injecteurs de cire\",\"publisher\":{\"@id\":\"https:\/\/maxmaticbymetaconcept.com\/fr\/#organization\"},\"potentialAction\":[{\"@type\":\"SearchAction\",\"target\":{\"@type\":\"EntryPoint\",\"urlTemplate\":\"https:\/\/maxmaticbymetaconcept.com\/fr\/?s={search_term_string}\"},\"query-input\":\"required name=search_term_string\"}],\"inLanguage\":\"en-US\"},{\"@type\":\"Organization\",\"@id\":\"https:\/\/maxmaticbymetaconcept.com\/fr\/#organization\",\"name\":\"Maxmatic\",\"url\":\"https:\/\/maxmaticbymetaconcept.com\/fr\/\",\"sameAs\":[],\"logo\":{\"@type\":\"ImageObject\",\"inLanguage\":\"en-US\",\"@id\":\"https:\/\/maxmaticbymetaconcept.com\/fr\/#\/schema\/logo\/image\/\",\"url\":\"https:\/\/maxmaticbymetaconcept.com\/wp-content\/uploads\/2019\/12\/logo_61f27bd46ca7aded325892a414f5bc2f_1x.png\",\"contentUrl\":\"https:\/\/maxmaticbymetaconcept.com\/wp-content\/uploads\/2019\/12\/logo_61f27bd46ca7aded325892a414f5bc2f_1x.png\",\"width\":132,\"height\":25,\"caption\":\"Maxmatic\"},\"image\":{\"@id\":\"https:\/\/maxmaticbymetaconcept.com\/fr\/#\/schema\/logo\/image\/\"}}]}<\/script>\n<!-- \/ Yoast SEO plugin. -->","yoast_head_json":{"title":"Legal notice - Maxmatic by Metaconcept","description":"Legal notice - Maxmatic, concepteur d'injecteurs de cire, partenaire privil\u00e9gi\u00e9 des plus grandes maisons de bijouterie en France et dans le Monde depuis plus de 10 ans.","robots":{"index":"index","follow":"follow","max-snippet":"max-snippet:-1","max-image-preview":"max-image-preview:large","max-video-preview":"max-video-preview:-1"},"canonical":"https:\/\/maxmaticbymetaconcept.com\/en\/legal-notice\/","og_locale":"en_US","og_type":"article","og_title":"Legal notice - Maxmatic by Metaconcept","og_description":"Legal notice - Maxmatic, concepteur d'injecteurs de cire, partenaire privil\u00e9gi\u00e9 des plus grandes maisons de bijouterie en France et dans le Monde depuis plus de 10 ans.","og_url":"https:\/\/maxmaticbymetaconcept.com\/en\/legal-notice\/","og_site_name":"Maxmatic by Metaconcept","article_modified_time":"2019-12-14T12:24:05+00:00","twitter_card":"summary_large_image","twitter_misc":{"Est. reading time":"8 minutes"},"schema":{"@context":"https:\/\/schema.org","@graph":[{"@type":"WebPage","@id":"https:\/\/maxmaticbymetaconcept.com\/en\/legal-notice\/","url":"https:\/\/maxmaticbymetaconcept.com\/en\/legal-notice\/","name":"Legal notice - Maxmatic by Metaconcept","isPartOf":{"@id":"https:\/\/maxmaticbymetaconcept.com\/fr\/#website"},"datePublished":"2019-12-14T12:22:56+00:00","dateModified":"2019-12-14T12:24:05+00:00","description":"Legal notice - Maxmatic, concepteur d'injecteurs de cire, partenaire privil\u00e9gi\u00e9 des plus grandes maisons de bijouterie en France et dans le Monde depuis plus de 10 ans.","breadcrumb":{"@id":"https:\/\/maxmaticbymetaconcept.com\/en\/legal-notice\/#breadcrumb"},"inLanguage":"en-US","potentialAction":[{"@type":"ReadAction","target":["https:\/\/maxmaticbymetaconcept.com\/en\/legal-notice\/"]}]},{"@type":"BreadcrumbList","@id":"https:\/\/maxmaticbymetaconcept.com\/en\/legal-notice\/#breadcrumb","itemListElement":[{"@type":"ListItem","position":1,"name":"Accueil","item":"https:\/\/maxmaticbymetaconcept.com\/en\/"},{"@type":"ListItem","position":2,"name":"Legal notice"}]},{"@type":"WebSite","@id":"https:\/\/maxmaticbymetaconcept.com\/fr\/#website","url":"https:\/\/maxmaticbymetaconcept.com\/fr\/","name":"Maxmatic by Metaconcept","description":"Concepteur d\u2019automates et d\u2019injecteurs de cire","publisher":{"@id":"https:\/\/maxmaticbymetaconcept.com\/fr\/#organization"},"potentialAction":[{"@type":"SearchAction","target":{"@type":"EntryPoint","urlTemplate":"https:\/\/maxmaticbymetaconcept.com\/fr\/?s={search_term_string}"},"query-input":"required name=search_term_string"}],"inLanguage":"en-US"},{"@type":"Organization","@id":"https:\/\/maxmaticbymetaconcept.com\/fr\/#organization","name":"Maxmatic","url":"https:\/\/maxmaticbymetaconcept.com\/fr\/","sameAs":[],"logo":{"@type":"ImageObject","inLanguage":"en-US","@id":"https:\/\/maxmaticbymetaconcept.com\/fr\/#\/schema\/logo\/image\/","url":"https:\/\/maxmaticbymetaconcept.com\/wp-content\/uploads\/2019\/12\/logo_61f27bd46ca7aded325892a414f5bc2f_1x.png","contentUrl":"https:\/\/maxmaticbymetaconcept.com\/wp-content\/uploads\/2019\/12\/logo_61f27bd46ca7aded325892a414f5bc2f_1x.png","width":132,"height":25,"caption":"Maxmatic"},"image":{"@id":"https:\/\/maxmaticbymetaconcept.com\/fr\/#\/schema\/logo\/image\/"}}]}},"_links":{"self":[{"href":"https:\/\/maxmaticbymetaconcept.com\/en\/wp-json\/wp\/v2\/pages\/31620"}],"collection":[{"href":"https:\/\/maxmaticbymetaconcept.com\/en\/wp-json\/wp\/v2\/pages"}],"about":[{"href":"https:\/\/maxmaticbymetaconcept.com\/en\/wp-json\/wp\/v2\/types\/page"}],"author":[{"embeddable":true,"href":"https:\/\/maxmaticbymetaconcept.com\/en\/wp-json\/wp\/v2\/users\/3"}],"replies":[{"embeddable":true,"href":"https:\/\/maxmaticbymetaconcept.com\/en\/wp-json\/wp\/v2\/comments?post=31620"}],"version-history":[{"count":2,"href":"https:\/\/maxmaticbymetaconcept.com\/en\/wp-json\/wp\/v2\/pages\/31620\/revisions"}],"predecessor-version":[{"id":31622,"href":"https:\/\/maxmaticbymetaconcept.com\/en\/wp-json\/wp\/v2\/pages\/31620\/revisions\/31622"}],"wp:attachment":[{"href":"https:\/\/maxmaticbymetaconcept.com\/en\/wp-json\/wp\/v2\/media?parent=31620"}],"curies":[{"name":"wp","href":"https:\/\/api.w.org\/{rel}","templated":true}]}}