{"id":30575,"date":"2019-05-20T18:20:48","date_gmt":"2019-05-20T16:20:48","guid":{"rendered":"https:\/\/maxmaticbymetaconcept.com\/?page_id=30575"},"modified":"2024-01-10T10:01:36","modified_gmt":"2024-01-10T09:01:36","slug":"formations","status":"publish","type":"page","link":"https:\/\/maxmaticbymetaconcept.com\/fr\/formation-sav\/formations\/","title":{"rendered":"Formation professionnelle fonte \u00e0 cire perdue"},"content":{"rendered":"<div class=\"wpb-content-wrapper\"><p>[vc_row el_id=\u00a0\u00bblink\u00a0\u00bb][vc_column]<div class=\"clearboth\"><\/div><style>#thegem-divider-69eb7e0fde556 {margin-top: 50px !important;}<\/style><div id=\"thegem-divider-69eb7e0fde556\" class=\"gem-divider  \" style=\"\"><\/div>[vc_row_inner][vc_column_inner width=\u00a0\u00bb1\/2&Prime;][vc_column_text]<\/p>\n<h2 class=\"p1\"><span class=\"s1\">FORMATION DANS LA REALISATION DE FONTE A CIRE PERDUE<\/span><\/h2>\n<p>MAXMATIC fort de son expertise dans le domaine de la fonte \u00e0 cire perdue dispense des formations. Ces formations intra ou inter entreprise visent \u00e0 perfectionner vos connaissances et rendre vos \u00e9quipes autonomes, op\u00e9rationnelles &amp; performantes. Diff\u00e9rents modules de formations sont possibles et s\u2019\u00e9chelonnent sur une dur\u00e9e de 2 \u00e0 5 jours. Ces formations concernent aussi bien des techniciens que des cadres des m\u00e9tiers de la bijouterie, fonderie ou de la m\u00e9tallurgie.[\/vc_column_text][vc_single_image image=\u00a0\u00bb31224&Prime; img_size=\u00a0\u00bblarge\u00a0\u00bb][\/vc_column_inner][vc_column_inner width=\u00a0\u00bb1\/2&Prime;][vc_column_text]Les th\u00e8mes pouvant \u00eatre abord\u00e9s suivant les modules :<\/p>\n<h2>1 &#8211; La technologie de la fonte \u00e0 cire perdue\u00a0:<\/h2>\n<p class=\"p1\"><span class=\"s1\">Avec une revue du principe de la fonderie, le fonctionnement et les diverses applications\u00a0: march\u00e9 de la bijouterie fantaisie, accessoires de maroquinerie, objets promotionnels, petites et moyennes s\u00e9ries pour pi\u00e8ces industrielles, etc.<\/span><\/p>\n<h2 class=\"p3\"><span class=\"s1\">2 &#8211; La r\u00e9alisation de moules en silicone\u00a0: <\/span><\/h2>\n<p class=\"p3\"><span class=\"s1\">Il sera abord\u00e9 le choix du type de <a href=\"https:\/\/maxmaticbymetaconcept.com\/catalogue\/consommables\/silicones\/\">silicone\u00a0: liquide, \u00e0 vulcaniser, basse et haute temp\u00e9rature<\/a>. Seront \u00e9tudi\u00e9s les rapports entre la duret\u00e9 shore et la souplesse ou rigidit\u00e9 des silicones. Un soin particulier sera port\u00e9 sur la pr\u00e9paration du master et son positionnement dans le moule. Sera vue \u00e9galement les deux types de tailles possibles du moule, \u00e0 la d\u00e9coupe et \u00e0 l\u2019arrach\u00e9e avec un volet sur la r\u00e9alisation d\u2019insert.<\/span><\/p>\n<h2 class=\"p1\"><span class=\"s1\">3 &#8211; Une formation sur l\u2019utilisation du mat\u00e9riel\u00a0: <\/span><\/h2>\n<p class=\"p1\"><span class=\"s1\">Nous partirons de la presse \u00e0 vulcaniser avec le choix des pressions et des cadres. Ensuite, un point particulier sera port\u00e9 sur l\u2019<a href=\"https:\/\/maxmaticbymetaconcept.com\/fr\/catalogue\/injecteurs-de-cire\/\">injecteur de cire<\/a> et la <a href=\"https:\/\/maxmaticbymetaconcept.com\/catalogue\/consommables\/cires-dinjection\/\">s\u00e9lection de cire possible<\/a> suivant le type de pi\u00e8ce. Puis nous arriverons sur les m\u00e9langeurs \u00e0 rev\u00eatement avec \u00e9galement l\u2019analyse des diff\u00e9rents types de rev\u00eatement suivant la mati\u00e8re \u00e0 couler. Enfin nous finirons sur les diff\u00e9rents fours de d\u00e9cirage et de coul\u00e9e m\u00e9tal.<\/span><\/p>\n<p class=\"p1\"><span class=\"s1\">Ces prestations pouvant faire l\u2019objet d\u2019une prise en charge par votre organisme collecteur dans le cadre de la r\u00e9serve annuelle de votre budget formation<span class=\"Apple-converted-space\">\u00a0 \u00a0<\/span><\/span><\/p>\n<p>[\/vc_column_text][\/vc_column_inner][\/vc_row_inner][vc_row_inner][vc_column_inner][vc_column_text]<\/p>\n<h2 class=\"p1\">Formation certifi\u00e9e :<\/h2>\n<p>La certification qualit\u00e9 a \u00e9t\u00e9 d\u00e9livr\u00e9e au titre de la cat\u00e9gorie d\u2019action suivante : Actions de formation<\/p>\n<p><img class=\"alignnone size-full wp-image-32675\" src=\"https:\/\/maxmaticbymetaconcept.com\/wp-content\/uploads\/2024\/01\/LogoQualiopi-300x161-1.jpg\" alt=\"\" width=\"300\" height=\"161\" \/>[\/vc_column_text]<div class=\"gem-button-container gem-button-position-inline thegem-button-69eb7e0fde5ea2401\"  ><a class=\"gem-button gem-button-size-small gem-button-style-flat gem-button-text-weight-normal\" data-ll-effect=\"drop-right-without-wrap\" style=\"border-radius: 3px;\" onmouseleave=\"\" onmouseenter=\"\" href=\"https:\/\/maxmaticbymetaconcept.com\/fr\/documentation\/telechargements\/\" target=\"_self\">T\u00e9l\u00e9charger la plaquette formation<\/a><\/div> [\/vc_column_inner][\/vc_row_inner]<div class=\"clearboth\"><\/div><style>#thegem-divider-69eb7e0fde612 {margin-top: 30px !important;}<\/style><div id=\"thegem-divider-69eb7e0fde612\" class=\"gem-divider  \" style=\"\"><\/div>[\/vc_column][\/vc_row]<\/p>\n<\/div>","protected":false},"excerpt":{"rendered":"<p>[vc_row el_id=\u00a0\u00bblink\u00a0\u00bb][vc_column][vc_row_inner][vc_column_inner width=\u00a0\u00bb1\/2&Prime;][vc_column_text] FORMATION DANS LA REALISATION DE FONTE A CIRE PERDUE MAXMATIC fort de son expertise dans le domaine&#8230;<\/p>\n","protected":false},"author":3,"featured_media":0,"parent":30435,"menu_order":0,"comment_status":"closed","ping_status":"closed","template":"","meta":[],"acf":[],"yoast_head":"<!-- This site is optimized with the Yoast SEO plugin v19.6.1 - https:\/\/yoast.com\/wordpress\/plugins\/seo\/ -->\n<title>Formation dans la r\u00e9alisation de fonte \u00e0 cire perdue - Maxmatic by Metaconcept<\/title>\n<meta name=\"description\" content=\"Formation professionnelle fonte \u00e0 cire perdue - Maxmatic, concepteur d&#039;injecteurs de cire, partenaire privil\u00e9gi\u00e9 des plus grandes maisons de bijouterie en France et dans le Monde depuis plus de 10 ans.\" \/>\n<meta name=\"robots\" content=\"index, follow, max-snippet:-1, max-image-preview:large, max-video-preview:-1\" \/>\n<link rel=\"canonical\" href=\"https:\/\/maxmaticbymetaconcept.com\/fr\/formation-sav\/formations\/\" \/>\n<meta property=\"og:locale\" content=\"fr_FR\" \/>\n<meta property=\"og:type\" content=\"article\" \/>\n<meta property=\"og:title\" content=\"Formation dans la r\u00e9alisation de fonte \u00e0 cire perdue - Maxmatic by Metaconcept\" \/>\n<meta property=\"og:description\" content=\"Formation professionnelle fonte \u00e0 cire perdue - Maxmatic, concepteur d&#039;injecteurs de cire, partenaire privil\u00e9gi\u00e9 des plus grandes maisons de bijouterie en France et dans le Monde depuis plus de 10 ans.\" \/>\n<meta property=\"og:url\" content=\"https:\/\/maxmaticbymetaconcept.com\/fr\/formation-sav\/formations\/\" \/>\n<meta property=\"og:site_name\" content=\"Maxmatic by Metaconcept\" \/>\n<meta property=\"article:modified_time\" content=\"2024-01-10T09:01:36+00:00\" \/>\n<meta property=\"og:image\" content=\"https:\/\/maxmaticbymetaconcept.com\/wp-content\/uploads\/2024\/01\/LogoQualiopi-300x161-1.jpg\" \/>\n<meta name=\"twitter:card\" content=\"summary_large_image\" \/>\n<meta name=\"twitter:label1\" content=\"Dur\u00e9e de lecture estim\u00e9e\" \/>\n\t<meta name=\"twitter:data1\" content=\"3 minutes\" \/>\n<script type=\"application\/ld+json\" class=\"yoast-schema-graph\">{\"@context\":\"https:\/\/schema.org\",\"@graph\":[{\"@type\":\"WebPage\",\"@id\":\"https:\/\/maxmaticbymetaconcept.com\/fr\/formation-sav\/formations\/\",\"url\":\"https:\/\/maxmaticbymetaconcept.com\/fr\/formation-sav\/formations\/\",\"name\":\"Formation dans la r\u00e9alisation de fonte \u00e0 cire perdue - Maxmatic by Metaconcept\",\"isPartOf\":{\"@id\":\"https:\/\/maxmaticbymetaconcept.com\/fr\/#website\"},\"datePublished\":\"2019-05-20T16:20:48+00:00\",\"dateModified\":\"2024-01-10T09:01:36+00:00\",\"description\":\"Formation professionnelle fonte \u00e0 cire perdue - Maxmatic, concepteur d'injecteurs de cire, partenaire privil\u00e9gi\u00e9 des plus grandes maisons de bijouterie en France et dans le Monde depuis plus de 10 ans.\",\"breadcrumb\":{\"@id\":\"https:\/\/maxmaticbymetaconcept.com\/fr\/formation-sav\/formations\/#breadcrumb\"},\"inLanguage\":\"fr-FR\",\"potentialAction\":[{\"@type\":\"ReadAction\",\"target\":[\"https:\/\/maxmaticbymetaconcept.com\/fr\/formation-sav\/formations\/\"]}]},{\"@type\":\"BreadcrumbList\",\"@id\":\"https:\/\/maxmaticbymetaconcept.com\/fr\/formation-sav\/formations\/#breadcrumb\",\"itemListElement\":[{\"@type\":\"ListItem\",\"position\":1,\"name\":\"Accueil\",\"item\":\"https:\/\/maxmaticbymetaconcept.com\/fr\/\"},{\"@type\":\"ListItem\",\"position\":2,\"name\":\"Formation &#038; SAV\",\"item\":\"https:\/\/maxmaticbymetaconcept.com\/fr\/formation-sav\/\"},{\"@type\":\"ListItem\",\"position\":3,\"name\":\"Formation professionnelle fonte \u00e0 cire perdue\"}]},{\"@type\":\"WebSite\",\"@id\":\"https:\/\/maxmaticbymetaconcept.com\/fr\/#website\",\"url\":\"https:\/\/maxmaticbymetaconcept.com\/fr\/\",\"name\":\"Maxmatic by Metaconcept\",\"description\":\"Concepteur d\u2019automates et d\u2019injecteurs de cire\",\"publisher\":{\"@id\":\"https:\/\/maxmaticbymetaconcept.com\/fr\/#organization\"},\"potentialAction\":[{\"@type\":\"SearchAction\",\"target\":{\"@type\":\"EntryPoint\",\"urlTemplate\":\"https:\/\/maxmaticbymetaconcept.com\/fr\/?s={search_term_string}\"},\"query-input\":\"required name=search_term_string\"}],\"inLanguage\":\"fr-FR\"},{\"@type\":\"Organization\",\"@id\":\"https:\/\/maxmaticbymetaconcept.com\/fr\/#organization\",\"name\":\"Maxmatic\",\"url\":\"https:\/\/maxmaticbymetaconcept.com\/fr\/\",\"sameAs\":[],\"logo\":{\"@type\":\"ImageObject\",\"inLanguage\":\"fr-FR\",\"@id\":\"https:\/\/maxmaticbymetaconcept.com\/fr\/#\/schema\/logo\/image\/\",\"url\":\"https:\/\/maxmaticbymetaconcept.com\/wp-content\/uploads\/2019\/12\/logo_61f27bd46ca7aded325892a414f5bc2f_1x.png\",\"contentUrl\":\"https:\/\/maxmaticbymetaconcept.com\/wp-content\/uploads\/2019\/12\/logo_61f27bd46ca7aded325892a414f5bc2f_1x.png\",\"width\":132,\"height\":25,\"caption\":\"Maxmatic\"},\"image\":{\"@id\":\"https:\/\/maxmaticbymetaconcept.com\/fr\/#\/schema\/logo\/image\/\"}}]}<\/script>\n<!-- \/ Yoast SEO plugin. -->","yoast_head_json":{"title":"Formation dans la r\u00e9alisation de fonte \u00e0 cire perdue - Maxmatic by Metaconcept","description":"Formation professionnelle fonte \u00e0 cire perdue - Maxmatic, concepteur d'injecteurs de cire, partenaire privil\u00e9gi\u00e9 des plus grandes maisons de bijouterie en France et dans le Monde depuis plus de 10 ans.","robots":{"index":"index","follow":"follow","max-snippet":"max-snippet:-1","max-image-preview":"max-image-preview:large","max-video-preview":"max-video-preview:-1"},"canonical":"https:\/\/maxmaticbymetaconcept.com\/fr\/formation-sav\/formations\/","og_locale":"fr_FR","og_type":"article","og_title":"Formation dans la r\u00e9alisation de fonte \u00e0 cire perdue - Maxmatic by Metaconcept","og_description":"Formation professionnelle fonte \u00e0 cire perdue - Maxmatic, concepteur d'injecteurs de cire, partenaire privil\u00e9gi\u00e9 des plus grandes maisons de bijouterie en France et dans le Monde depuis plus de 10 ans.","og_url":"https:\/\/maxmaticbymetaconcept.com\/fr\/formation-sav\/formations\/","og_site_name":"Maxmatic by Metaconcept","article_modified_time":"2024-01-10T09:01:36+00:00","og_image":[{"url":"https:\/\/maxmaticbymetaconcept.com\/wp-content\/uploads\/2024\/01\/LogoQualiopi-300x161-1.jpg"}],"twitter_card":"summary_large_image","twitter_misc":{"Dur\u00e9e de lecture estim\u00e9e":"3 minutes"},"schema":{"@context":"https:\/\/schema.org","@graph":[{"@type":"WebPage","@id":"https:\/\/maxmaticbymetaconcept.com\/fr\/formation-sav\/formations\/","url":"https:\/\/maxmaticbymetaconcept.com\/fr\/formation-sav\/formations\/","name":"Formation dans la r\u00e9alisation de fonte \u00e0 cire perdue - Maxmatic by Metaconcept","isPartOf":{"@id":"https:\/\/maxmaticbymetaconcept.com\/fr\/#website"},"datePublished":"2019-05-20T16:20:48+00:00","dateModified":"2024-01-10T09:01:36+00:00","description":"Formation professionnelle fonte \u00e0 cire perdue - Maxmatic, concepteur d'injecteurs de cire, partenaire privil\u00e9gi\u00e9 des plus grandes maisons de bijouterie en France et dans le Monde depuis plus de 10 ans.","breadcrumb":{"@id":"https:\/\/maxmaticbymetaconcept.com\/fr\/formation-sav\/formations\/#breadcrumb"},"inLanguage":"fr-FR","potentialAction":[{"@type":"ReadAction","target":["https:\/\/maxmaticbymetaconcept.com\/fr\/formation-sav\/formations\/"]}]},{"@type":"BreadcrumbList","@id":"https:\/\/maxmaticbymetaconcept.com\/fr\/formation-sav\/formations\/#breadcrumb","itemListElement":[{"@type":"ListItem","position":1,"name":"Accueil","item":"https:\/\/maxmaticbymetaconcept.com\/fr\/"},{"@type":"ListItem","position":2,"name":"Formation &#038; SAV","item":"https:\/\/maxmaticbymetaconcept.com\/fr\/formation-sav\/"},{"@type":"ListItem","position":3,"name":"Formation professionnelle fonte \u00e0 cire perdue"}]},{"@type":"WebSite","@id":"https:\/\/maxmaticbymetaconcept.com\/fr\/#website","url":"https:\/\/maxmaticbymetaconcept.com\/fr\/","name":"Maxmatic by Metaconcept","description":"Concepteur d\u2019automates et d\u2019injecteurs de cire","publisher":{"@id":"https:\/\/maxmaticbymetaconcept.com\/fr\/#organization"},"potentialAction":[{"@type":"SearchAction","target":{"@type":"EntryPoint","urlTemplate":"https:\/\/maxmaticbymetaconcept.com\/fr\/?s={search_term_string}"},"query-input":"required name=search_term_string"}],"inLanguage":"fr-FR"},{"@type":"Organization","@id":"https:\/\/maxmaticbymetaconcept.com\/fr\/#organization","name":"Maxmatic","url":"https:\/\/maxmaticbymetaconcept.com\/fr\/","sameAs":[],"logo":{"@type":"ImageObject","inLanguage":"fr-FR","@id":"https:\/\/maxmaticbymetaconcept.com\/fr\/#\/schema\/logo\/image\/","url":"https:\/\/maxmaticbymetaconcept.com\/wp-content\/uploads\/2019\/12\/logo_61f27bd46ca7aded325892a414f5bc2f_1x.png","contentUrl":"https:\/\/maxmaticbymetaconcept.com\/wp-content\/uploads\/2019\/12\/logo_61f27bd46ca7aded325892a414f5bc2f_1x.png","width":132,"height":25,"caption":"Maxmatic"},"image":{"@id":"https:\/\/maxmaticbymetaconcept.com\/fr\/#\/schema\/logo\/image\/"}}]}},"_links":{"self":[{"href":"https:\/\/maxmaticbymetaconcept.com\/fr\/wp-json\/wp\/v2\/pages\/30575"}],"collection":[{"href":"https:\/\/maxmaticbymetaconcept.com\/fr\/wp-json\/wp\/v2\/pages"}],"about":[{"href":"https:\/\/maxmaticbymetaconcept.com\/fr\/wp-json\/wp\/v2\/types\/page"}],"author":[{"embeddable":true,"href":"https:\/\/maxmaticbymetaconcept.com\/fr\/wp-json\/wp\/v2\/users\/3"}],"replies":[{"embeddable":true,"href":"https:\/\/maxmaticbymetaconcept.com\/fr\/wp-json\/wp\/v2\/comments?post=30575"}],"version-history":[{"count":12,"href":"https:\/\/maxmaticbymetaconcept.com\/fr\/wp-json\/wp\/v2\/pages\/30575\/revisions"}],"predecessor-version":[{"id":32721,"href":"https:\/\/maxmaticbymetaconcept.com\/fr\/wp-json\/wp\/v2\/pages\/30575\/revisions\/32721"}],"up":[{"embeddable":true,"href":"https:\/\/maxmaticbymetaconcept.com\/fr\/wp-json\/wp\/v2\/pages\/30435"}],"wp:attachment":[{"href":"https:\/\/maxmaticbymetaconcept.com\/fr\/wp-json\/wp\/v2\/media?parent=30575"}],"curies":[{"name":"wp","href":"https:\/\/api.w.org\/{rel}","templated":true}]}}