{"id":30690,"date":"2019-08-01T15:57:54","date_gmt":"2019-08-01T13:57:54","guid":{"rendered":"https:\/\/maxmaticbymetaconcept.com\/?page_id=30690"},"modified":"2024-01-09T15:21:11","modified_gmt":"2024-01-09T14:21:11","slug":"cylindres","status":"publish","type":"page","link":"https:\/\/maxmaticbymetaconcept.com\/fr\/catalogue\/accessoires\/cylindres\/","title":{"rendered":"Accessoires de coul\u00e9e : cylindre pour fusion de cire"},"content":{"rendered":"<div class=\"wpb-content-wrapper\"><p>[vc_row el_id=\u00a0\u00bblink\u00a0\u00bb][vc_column]<div class=\"clearboth\"><\/div><style>#thegem-divider-69ddf783b91c5 {margin-top: 50px !important;}<\/style><div id=\"thegem-divider-69ddf783b91c5\" class=\"gem-divider  \" style=\"\"><\/div>[vc_column_text]<\/p>\n<h2>MAXMATIC vous propose une large gamme de cylindres.<\/h2>\n<h4>Lisses, perfor\u00e9s, avec ou sans bride, ces accessoires de haute qualit\u00e9 sont disponibles sous plusieurs tailles et diam\u00e8tres, avec une solution sur mesure selon les applications sp\u00e9cifiques.<\/h4>\n<p>[\/vc_column_text]<div class=\"clearboth\"><\/div><style>#thegem-divider-69ddf783b91fb {margin-top: 50px !important;}<\/style><div id=\"thegem-divider-69ddf783b91fb\" class=\"gem-divider  \" style=\"\"><\/div>[vc_tta_tour shape=\u00a0\u00bbsquare\u00a0\u00bb spacing=\u00a0\u00bb\u00a0\u00bb controls_size=\u00a0\u00bbmd\u00a0\u00bb active_section=\u00a0\u00bb1&Prime;][vc_tta_section title=\u00a0\u00bbCylindres lisses\u00a0\u00bb tab_id=\u00a0\u00bb1564666994916-02dba861-fe38&Prime;][vc_row_inner][vc_column_inner width=\u00a0\u00bb1\/2&Prime;][vc_single_image image=\u00a0\u00bb30858&Prime; img_size=\u00a0\u00bblarge\u00a0\u00bb onclick=\u00a0\u00bblink_image\u00a0\u00bb]<div class=\"gem-button-container gem-button-position-center thegem-button-69ddf783b92862333\"  ><a class=\"gem-button gem-button-size-medium gem-button-style-flat gem-button-text-weight-normal gem-button-icon-position-left\" data-ll-effect=\"drop-right-without-wrap\" style=\"border-radius: 3px;\" onmouseleave=\"\" onmouseenter=\"\" href=\"https:\/\/maxmaticbymetaconcept.com\/demande-de-devis\/\" target=\"_blank\"><i class=\"gem-print-icon gem-icon-pack-material \">&#xf473;<\/i>DEMANDER UN DEVIS<\/a><\/div> [\/vc_column_inner][vc_column_inner width=\u00a0\u00bb1\/2&Prime;][vc_column_text]<\/p>\n<h3><strong>Cylindres lisses<\/strong><\/h3>\n<p class=\"p1\">Cylindres en acier inox de qualit\u00e9 pour fusion en cire de rebut. Ils sont disponibles en une vaste gamme, adapt\u00e9s aux types les plus communs des machines \u00e0 fondre sous vide.<\/p>\n<p class=\"p1\">Consultez-nous pour conna\u00eetre les dimensions disponibles ou vos demandes sur mesure.<\/p>\n<p>[\/vc_column_text][\/vc_column_inner][\/vc_row_inner][\/vc_tta_section][vc_tta_section title=\u00a0\u00bbCylindres perfor\u00e9s\u00a0\u00bb tab_id=\u00a0\u00bb1564666942651-ca80d6cc-09f0&Prime;][vc_row_inner][vc_column_inner width=\u00a0\u00bb1\/2&Prime;][vc_single_image image=\u00a0\u00bb30859&Prime; img_size=\u00a0\u00bblarge\u00a0\u00bb onclick=\u00a0\u00bblink_image\u00a0\u00bb]<div class=\"gem-button-container gem-button-position-center thegem-button-69ddf783b92df8284\"  ><a class=\"gem-button gem-button-size-medium gem-button-style-flat gem-button-text-weight-normal gem-button-icon-position-left\" data-ll-effect=\"drop-right-without-wrap\" style=\"border-radius: 3px;\" onmouseleave=\"\" onmouseenter=\"\" href=\"https:\/\/maxmaticbymetaconcept.com\/demande-de-devis\/\" target=\"_blank\"><i class=\"gem-print-icon gem-icon-pack-material \">&#xf473;<\/i>DEMANDER UN DEVIS<\/a><\/div> [\/vc_column_inner][vc_column_inner width=\u00a0\u00bb1\/2&Prime;][vc_column_text]<\/p>\n<h3 class=\"p1\"><strong>Cylindres perfor\u00e9s AVEC OU sans bride<\/strong><\/h3>\n<p>Cylindres inox perfor\u00e9s pour fusion sous vide avec ou sans bride. La dimension &amp; la quantit\u00e9 des trous assurent une aspiration parfaite de l\u2019air en garantissant une meilleure qualit\u00e9 de la fusion. Ils sont disponibles en une vaste gamme, adapt\u00e9s aux types les plus communs des machines \u00e0 fondre sous vide.<\/p>\n<p>Consultez-nous pour conna\u00eetre les dimensions disponibles ou pour vos demandes sur mesure.[\/vc_column_text][\/vc_column_inner][\/vc_row_inner][\/vc_tta_section][\/vc_tta_tour]<div class=\"clearboth\"><\/div><style>#thegem-divider-69ddf783b92ff {margin-top: 30px !important;}<\/style><div id=\"thegem-divider-69ddf783b92ff\" class=\"gem-divider  \" style=\"\"><\/div>[\/vc_column][\/vc_row][vc_row full_width=\u00a0\u00bbstretch_row\u00a0\u00bb css=\u00a0\u00bb.vc_custom_1564596195755{background-position: center !important;background-repeat: no-repeat !important;background-size: cover !important;}\u00a0\u00bb][vc_column el_class=\u00a0\u00bb.custom-qf\u00a0\u00bb]<div class=\"clearboth\"><\/div><style>#thegem-divider-69ddf783b9311 {margin-top: 30px !important;}<\/style><div id=\"thegem-divider-69ddf783b9311\" class=\"gem-divider  \" style=\"\"><\/div>[vc_column_text css_animation=\u00a0\u00bbtop-to-bottom\u00a0\u00bb]<\/p>\n<h2 style=\"text-align: left;\">AUTRES PRODUITS<\/h2>\n<p>[\/vc_column_text]<div class=\"clearboth\"><\/div><style>#thegem-divider-69ddf783b931d {margin-top: 50px !important;}<\/style><div id=\"thegem-divider-69ddf783b931d\" class=\"gem-divider  \" style=\"\"><\/div>[vc_row_inner][vc_column_inner width=\u00a0\u00bb1\/4&Prime;][vc_hoverbox image=\u00a0\u00bb30860&Prime; primary_title=\u00a0\u00bb\u00a0\u00bb hover_title=\u00a0\u00bbEMBASES\u00a0\u00bb hover_title_font_container=\u00a0\u00bbcolor:%23ffffff\u00a0\u00bb hover_title_use_theme_fonts=\u00a0\u00bbyes\u00a0\u00bb shape=\u00a0\u00bbsquare\u00a0\u00bb hover_background_color=\u00a0\u00bbcustom\u00a0\u00bb hover_btn_title=\u00a0\u00bbVoir le produit\u00a0\u00bb hover_btn_style=\u00a0\u00bbcustom\u00a0\u00bb hover_btn_custom_background=\u00a0\u00bb#2b2b2b\u00a0\u00bb hover_btn_custom_text=\u00a0\u00bb#ffffff\u00a0\u00bb hover_btn_shape=\u00a0\u00bbsquare\u00a0\u00bb hover_btn_i_icon_fontawesome=\u00a0\u00bbfab fa-accessible-icon\u00a0\u00bb hover_btn_css_animation=\u00a0\u00bbnone\u00a0\u00bb css_animation=\u00a0\u00bbfadeInDown\u00a0\u00bb use_custom_fonts_hover_title=\u00a0\u00bbtrue\u00a0\u00bb hover_add_button=\u00a0\u00bbtrue\u00a0\u00bb hover_btn_add_icon=\u00a0\u00bbtrue\u00a0\u00bb hover_btn_link=\u00a0\u00bburl:https%3A%2F%2Fmaxmaticbymetaconcept.com%2Ffr%2Fcatalogue%2Faccessoires%2Fgrappage%2F|title:Grappage||\u00a0\u00bb hover_custom_background=\u00a0\u00bb#ae0015&Prime; hover_title_link=\u00a0\u00bburl:https%3A%2F%2Fmaxmaticbymetaconcept.com%2Fcatalogue%2Faccessoires%2Fgrappage%2F|title:Cylindres||\u00a0\u00bb][\/vc_hoverbox][\/vc_column_inner][vc_column_inner width=\u00a0\u00bb1\/4&Prime;][vc_hoverbox image=\u00a0\u00bb31030&Prime; primary_title=\u00a0\u00bb\u00a0\u00bb hover_title=\u00a0\u00bbREVETEMENTS PRESTIGE\u00a0\u00bb hover_title_font_container=\u00a0\u00bbcolor:%23ffffff\u00a0\u00bb hover_title_use_theme_fonts=\u00a0\u00bbyes\u00a0\u00bb shape=\u00a0\u00bbsquare\u00a0\u00bb hover_background_color=\u00a0\u00bbcustom\u00a0\u00bb hover_btn_title=\u00a0\u00bbVoir le produit\u00a0\u00bb hover_btn_style=\u00a0\u00bbcustom\u00a0\u00bb hover_btn_custom_background=\u00a0\u00bb#2b2b2b\u00a0\u00bb hover_btn_custom_text=\u00a0\u00bb#ffffff\u00a0\u00bb hover_btn_shape=\u00a0\u00bbsquare\u00a0\u00bb hover_btn_i_icon_fontawesome=\u00a0\u00bbfab fa-accessible-icon\u00a0\u00bb hover_btn_css_animation=\u00a0\u00bbnone\u00a0\u00bb css_animation=\u00a0\u00bbfadeInDown\u00a0\u00bb use_custom_fonts_hover_title=\u00a0\u00bbtrue\u00a0\u00bb hover_add_button=\u00a0\u00bbtrue\u00a0\u00bb hover_btn_add_icon=\u00a0\u00bbtrue\u00a0\u00bb hover_btn_link=\u00a0\u00bburl:https%3A%2F%2Fmaxmaticbymetaconcept.com%2Ffr%2Fcatalogue%2Fconsommables%2Frevetements-prestige%2F|title:Rev%C3%AAtements%20prestige||\u00a0\u00bb hover_custom_background=\u00a0\u00bb#ae0015&Prime; hover_title_link=\u00a0\u00bburl:https%3A%2F%2Fmaxmaticbymetaconcept.com%2Fcatalogue%2Fconsommables%2Frevetements-prestige%2F|title:Rev%C3%AAtements%20prestige||\u00a0\u00bb][\/vc_hoverbox][\/vc_column_inner][vc_column_inner width=\u00a0\u00bb1\/4&Prime;][vc_hoverbox image=\u00a0\u00bb32661&Prime; primary_title=\u00a0\u00bb\u00a0\u00bb hover_title=\u00a0\u00bbFOURS DE DECIRAGE\u00a0\u00bb hover_title_font_container=\u00a0\u00bbcolor:%23ffffff\u00a0\u00bb hover_title_use_theme_fonts=\u00a0\u00bbyes\u00a0\u00bb shape=\u00a0\u00bbsquare\u00a0\u00bb hover_background_color=\u00a0\u00bbcustom\u00a0\u00bb hover_btn_title=\u00a0\u00bbVoir le produit\u00a0\u00bb hover_btn_style=\u00a0\u00bbcustom\u00a0\u00bb hover_btn_custom_background=\u00a0\u00bb#2b2b2b\u00a0\u00bb hover_btn_custom_text=\u00a0\u00bb#ffffff\u00a0\u00bb hover_btn_shape=\u00a0\u00bbsquare\u00a0\u00bb hover_btn_i_icon_fontawesome=\u00a0\u00bbfab fa-accessible-icon\u00a0\u00bb hover_btn_css_animation=\u00a0\u00bbnone\u00a0\u00bb css_animation=\u00a0\u00bbfadeInDown\u00a0\u00bb use_custom_fonts_hover_title=\u00a0\u00bbtrue\u00a0\u00bb hover_add_button=\u00a0\u00bbtrue\u00a0\u00bb hover_btn_add_icon=\u00a0\u00bbtrue\u00a0\u00bb hover_btn_link=\u00a0\u00bburl:https%3A%2F%2Fmaxmaticbymetaconcept.com%2Ffr%2Fcatalogue%2Ffours-de-decirage%2F|title:Fours%20de%20d%C3%A9cirage||\u00a0\u00bb hover_custom_background=\u00a0\u00bb#ae0015&Prime; hover_title_link=\u00a0\u00bburl:https%3A%2F%2Fmaxmaticbymetaconcept.com%2Fcatalogue%2Ffours-de-decirage%2F|title:Fours%20de%20d%C3%A9cirage||\u00a0\u00bb][\/vc_hoverbox][\/vc_column_inner][vc_column_inner width=\u00a0\u00bb1\/4&Prime;][\/vc_column_inner][\/vc_row_inner]<div class=\"clearboth\"><\/div><style>#thegem-divider-69ddf783b9327 {margin-top: 45px !important;}<\/style><div id=\"thegem-divider-69ddf783b9327\" class=\"gem-divider  \" style=\"\"><\/div>[\/vc_column][\/vc_row]<\/p>\n<\/div>","protected":false},"excerpt":{"rendered":"<p>[vc_row el_id=\u00a0\u00bblink\u00a0\u00bb][vc_column][vc_column_text] MAXMATIC vous propose une large gamme de cylindres. Lisses, perfor\u00e9s, avec ou sans bride, ces accessoires de haute&#8230;<\/p>\n","protected":false},"author":3,"featured_media":0,"parent":30553,"menu_order":0,"comment_status":"closed","ping_status":"closed","template":"","meta":[],"acf":[],"yoast_head":"<!-- This site is optimized with the Yoast SEO plugin v19.6.1 - https:\/\/yoast.com\/wordpress\/plugins\/seo\/ -->\n<title>Accessoires de coul\u00e9e pour la fonte \u00e0 cire perdue - Maxmatic by Metaconcept<\/title>\n<meta name=\"description\" content=\"Accessoires de coul\u00e9e : cylindre pour fusion de cire - Maxmatic, concepteur d&#039;injecteurs de cire, partenaire privil\u00e9gi\u00e9 des plus grandes maisons de bijouterie en France et dans le Monde depuis plus de 10 ans.\" \/>\n<meta name=\"robots\" content=\"index, follow, max-snippet:-1, max-image-preview:large, max-video-preview:-1\" \/>\n<link rel=\"canonical\" href=\"https:\/\/maxmaticbymetaconcept.com\/fr\/catalogue\/accessoires\/cylindres\/\" \/>\n<meta property=\"og:locale\" content=\"fr_FR\" \/>\n<meta property=\"og:type\" content=\"article\" \/>\n<meta property=\"og:title\" content=\"Accessoires de coul\u00e9e pour la fonte \u00e0 cire perdue - Maxmatic by Metaconcept\" \/>\n<meta property=\"og:description\" content=\"Accessoires de coul\u00e9e : cylindre pour fusion de cire - Maxmatic, concepteur d&#039;injecteurs de cire, partenaire privil\u00e9gi\u00e9 des plus grandes maisons de bijouterie en France et dans le Monde depuis plus de 10 ans.\" \/>\n<meta property=\"og:url\" content=\"https:\/\/maxmaticbymetaconcept.com\/fr\/catalogue\/accessoires\/cylindres\/\" \/>\n<meta property=\"og:site_name\" content=\"Maxmatic by Metaconcept\" \/>\n<meta property=\"article:modified_time\" content=\"2024-01-09T14:21:11+00:00\" \/>\n<meta name=\"twitter:card\" content=\"summary_large_image\" \/>\n<meta name=\"twitter:label1\" content=\"Dur\u00e9e de lecture estim\u00e9e\" \/>\n\t<meta name=\"twitter:data1\" content=\"2 minutes\" \/>\n<script type=\"application\/ld+json\" class=\"yoast-schema-graph\">{\"@context\":\"https:\/\/schema.org\",\"@graph\":[{\"@type\":\"WebPage\",\"@id\":\"https:\/\/maxmaticbymetaconcept.com\/fr\/catalogue\/accessoires\/cylindres\/\",\"url\":\"https:\/\/maxmaticbymetaconcept.com\/fr\/catalogue\/accessoires\/cylindres\/\",\"name\":\"Accessoires de coul\u00e9e pour la fonte \u00e0 cire perdue - Maxmatic by Metaconcept\",\"isPartOf\":{\"@id\":\"https:\/\/maxmaticbymetaconcept.com\/fr\/#website\"},\"datePublished\":\"2019-08-01T13:57:54+00:00\",\"dateModified\":\"2024-01-09T14:21:11+00:00\",\"description\":\"Accessoires de coul\u00e9e : cylindre pour fusion de cire - Maxmatic, concepteur d'injecteurs de cire, partenaire privil\u00e9gi\u00e9 des plus grandes maisons de bijouterie en France et dans le Monde depuis plus de 10 ans.\",\"breadcrumb\":{\"@id\":\"https:\/\/maxmaticbymetaconcept.com\/fr\/catalogue\/accessoires\/cylindres\/#breadcrumb\"},\"inLanguage\":\"fr-FR\",\"potentialAction\":[{\"@type\":\"ReadAction\",\"target\":[\"https:\/\/maxmaticbymetaconcept.com\/fr\/catalogue\/accessoires\/cylindres\/\"]}]},{\"@type\":\"BreadcrumbList\",\"@id\":\"https:\/\/maxmaticbymetaconcept.com\/fr\/catalogue\/accessoires\/cylindres\/#breadcrumb\",\"itemListElement\":[{\"@type\":\"ListItem\",\"position\":1,\"name\":\"Accueil\",\"item\":\"https:\/\/maxmaticbymetaconcept.com\/fr\/\"},{\"@type\":\"ListItem\",\"position\":2,\"name\":\"Catalogue\",\"item\":\"https:\/\/maxmaticbymetaconcept.com\/fr\/catalogue\/\"},{\"@type\":\"ListItem\",\"position\":3,\"name\":\"Accessoires pour la fonte \u00e0 cire perdue\",\"item\":\"https:\/\/maxmaticbymetaconcept.com\/fr\/catalogue\/accessoires\/\"},{\"@type\":\"ListItem\",\"position\":4,\"name\":\"Accessoires de coul\u00e9e : cylindre pour fusion de cire\"}]},{\"@type\":\"WebSite\",\"@id\":\"https:\/\/maxmaticbymetaconcept.com\/fr\/#website\",\"url\":\"https:\/\/maxmaticbymetaconcept.com\/fr\/\",\"name\":\"Maxmatic by Metaconcept\",\"description\":\"Concepteur d\u2019automates et d\u2019injecteurs de cire\",\"publisher\":{\"@id\":\"https:\/\/maxmaticbymetaconcept.com\/fr\/#organization\"},\"potentialAction\":[{\"@type\":\"SearchAction\",\"target\":{\"@type\":\"EntryPoint\",\"urlTemplate\":\"https:\/\/maxmaticbymetaconcept.com\/fr\/?s={search_term_string}\"},\"query-input\":\"required name=search_term_string\"}],\"inLanguage\":\"fr-FR\"},{\"@type\":\"Organization\",\"@id\":\"https:\/\/maxmaticbymetaconcept.com\/fr\/#organization\",\"name\":\"Maxmatic\",\"url\":\"https:\/\/maxmaticbymetaconcept.com\/fr\/\",\"sameAs\":[],\"logo\":{\"@type\":\"ImageObject\",\"inLanguage\":\"fr-FR\",\"@id\":\"https:\/\/maxmaticbymetaconcept.com\/fr\/#\/schema\/logo\/image\/\",\"url\":\"https:\/\/maxmaticbymetaconcept.com\/wp-content\/uploads\/2019\/12\/logo_61f27bd46ca7aded325892a414f5bc2f_1x.png\",\"contentUrl\":\"https:\/\/maxmaticbymetaconcept.com\/wp-content\/uploads\/2019\/12\/logo_61f27bd46ca7aded325892a414f5bc2f_1x.png\",\"width\":132,\"height\":25,\"caption\":\"Maxmatic\"},\"image\":{\"@id\":\"https:\/\/maxmaticbymetaconcept.com\/fr\/#\/schema\/logo\/image\/\"}}]}<\/script>\n<!-- \/ Yoast SEO plugin. -->","yoast_head_json":{"title":"Accessoires de coul\u00e9e pour la fonte \u00e0 cire perdue - Maxmatic by Metaconcept","description":"Accessoires de coul\u00e9e : cylindre pour fusion de cire - Maxmatic, concepteur d'injecteurs de cire, partenaire privil\u00e9gi\u00e9 des plus grandes maisons de bijouterie en France et dans le Monde depuis plus de 10 ans.","robots":{"index":"index","follow":"follow","max-snippet":"max-snippet:-1","max-image-preview":"max-image-preview:large","max-video-preview":"max-video-preview:-1"},"canonical":"https:\/\/maxmaticbymetaconcept.com\/fr\/catalogue\/accessoires\/cylindres\/","og_locale":"fr_FR","og_type":"article","og_title":"Accessoires de coul\u00e9e pour la fonte \u00e0 cire perdue - Maxmatic by Metaconcept","og_description":"Accessoires de coul\u00e9e : cylindre pour fusion de cire - Maxmatic, concepteur d'injecteurs de cire, partenaire privil\u00e9gi\u00e9 des plus grandes maisons de bijouterie en France et dans le Monde depuis plus de 10 ans.","og_url":"https:\/\/maxmaticbymetaconcept.com\/fr\/catalogue\/accessoires\/cylindres\/","og_site_name":"Maxmatic by Metaconcept","article_modified_time":"2024-01-09T14:21:11+00:00","twitter_card":"summary_large_image","twitter_misc":{"Dur\u00e9e de lecture estim\u00e9e":"2 minutes"},"schema":{"@context":"https:\/\/schema.org","@graph":[{"@type":"WebPage","@id":"https:\/\/maxmaticbymetaconcept.com\/fr\/catalogue\/accessoires\/cylindres\/","url":"https:\/\/maxmaticbymetaconcept.com\/fr\/catalogue\/accessoires\/cylindres\/","name":"Accessoires de coul\u00e9e pour la fonte \u00e0 cire perdue - Maxmatic by Metaconcept","isPartOf":{"@id":"https:\/\/maxmaticbymetaconcept.com\/fr\/#website"},"datePublished":"2019-08-01T13:57:54+00:00","dateModified":"2024-01-09T14:21:11+00:00","description":"Accessoires de coul\u00e9e : cylindre pour fusion de cire - Maxmatic, concepteur d'injecteurs de cire, partenaire privil\u00e9gi\u00e9 des plus grandes maisons de bijouterie en France et dans le Monde depuis plus de 10 ans.","breadcrumb":{"@id":"https:\/\/maxmaticbymetaconcept.com\/fr\/catalogue\/accessoires\/cylindres\/#breadcrumb"},"inLanguage":"fr-FR","potentialAction":[{"@type":"ReadAction","target":["https:\/\/maxmaticbymetaconcept.com\/fr\/catalogue\/accessoires\/cylindres\/"]}]},{"@type":"BreadcrumbList","@id":"https:\/\/maxmaticbymetaconcept.com\/fr\/catalogue\/accessoires\/cylindres\/#breadcrumb","itemListElement":[{"@type":"ListItem","position":1,"name":"Accueil","item":"https:\/\/maxmaticbymetaconcept.com\/fr\/"},{"@type":"ListItem","position":2,"name":"Catalogue","item":"https:\/\/maxmaticbymetaconcept.com\/fr\/catalogue\/"},{"@type":"ListItem","position":3,"name":"Accessoires pour la fonte \u00e0 cire perdue","item":"https:\/\/maxmaticbymetaconcept.com\/fr\/catalogue\/accessoires\/"},{"@type":"ListItem","position":4,"name":"Accessoires de coul\u00e9e : cylindre pour fusion de cire"}]},{"@type":"WebSite","@id":"https:\/\/maxmaticbymetaconcept.com\/fr\/#website","url":"https:\/\/maxmaticbymetaconcept.com\/fr\/","name":"Maxmatic by Metaconcept","description":"Concepteur d\u2019automates et d\u2019injecteurs de cire","publisher":{"@id":"https:\/\/maxmaticbymetaconcept.com\/fr\/#organization"},"potentialAction":[{"@type":"SearchAction","target":{"@type":"EntryPoint","urlTemplate":"https:\/\/maxmaticbymetaconcept.com\/fr\/?s={search_term_string}"},"query-input":"required name=search_term_string"}],"inLanguage":"fr-FR"},{"@type":"Organization","@id":"https:\/\/maxmaticbymetaconcept.com\/fr\/#organization","name":"Maxmatic","url":"https:\/\/maxmaticbymetaconcept.com\/fr\/","sameAs":[],"logo":{"@type":"ImageObject","inLanguage":"fr-FR","@id":"https:\/\/maxmaticbymetaconcept.com\/fr\/#\/schema\/logo\/image\/","url":"https:\/\/maxmaticbymetaconcept.com\/wp-content\/uploads\/2019\/12\/logo_61f27bd46ca7aded325892a414f5bc2f_1x.png","contentUrl":"https:\/\/maxmaticbymetaconcept.com\/wp-content\/uploads\/2019\/12\/logo_61f27bd46ca7aded325892a414f5bc2f_1x.png","width":132,"height":25,"caption":"Maxmatic"},"image":{"@id":"https:\/\/maxmaticbymetaconcept.com\/fr\/#\/schema\/logo\/image\/"}}]}},"_links":{"self":[{"href":"https:\/\/maxmaticbymetaconcept.com\/fr\/wp-json\/wp\/v2\/pages\/30690"}],"collection":[{"href":"https:\/\/maxmaticbymetaconcept.com\/fr\/wp-json\/wp\/v2\/pages"}],"about":[{"href":"https:\/\/maxmaticbymetaconcept.com\/fr\/wp-json\/wp\/v2\/types\/page"}],"author":[{"embeddable":true,"href":"https:\/\/maxmaticbymetaconcept.com\/fr\/wp-json\/wp\/v2\/users\/3"}],"replies":[{"embeddable":true,"href":"https:\/\/maxmaticbymetaconcept.com\/fr\/wp-json\/wp\/v2\/comments?post=30690"}],"version-history":[{"count":40,"href":"https:\/\/maxmaticbymetaconcept.com\/fr\/wp-json\/wp\/v2\/pages\/30690\/revisions"}],"predecessor-version":[{"id":32666,"href":"https:\/\/maxmaticbymetaconcept.com\/fr\/wp-json\/wp\/v2\/pages\/30690\/revisions\/32666"}],"up":[{"embeddable":true,"href":"https:\/\/maxmaticbymetaconcept.com\/fr\/wp-json\/wp\/v2\/pages\/30553"}],"wp:attachment":[{"href":"https:\/\/maxmaticbymetaconcept.com\/fr\/wp-json\/wp\/v2\/media?parent=30690"}],"curies":[{"name":"wp","href":"https:\/\/api.w.org\/{rel}","templated":true}]}}