{"id":30733,"date":"2019-08-01T17:02:43","date_gmt":"2019-08-01T15:02:43","guid":{"rendered":"https:\/\/maxmaticbymetaconcept.com\/?page_id=30733"},"modified":"2024-01-09T15:20:17","modified_gmt":"2024-01-09T14:20:17","slug":"accessoires-dinjection","status":"publish","type":"page","link":"https:\/\/maxmaticbymetaconcept.com\/fr\/catalogue\/accessoires\/accessoires-dinjection\/","title":{"rendered":"Accessoires d\u2019injection pour la fonte \u00e0 cire perdue"},"content":{"rendered":"<div class=\"wpb-content-wrapper\"><p>[vc_row][vc_column]<div class=\"clearboth\"><\/div><style>#thegem-divider-69eb967f56d6e {margin-top: 30px !important;}<\/style><div id=\"thegem-divider-69eb967f56d6e\" class=\"gem-divider  \" style=\"\"><\/div>[vc_column_text]<\/p>\n<h2>Pour compl\u00e9ter l\u2019utilisation de votre injecteur de cire,\u00a0MAXMATIC vous propose une gamme de petits accessoires.<\/h2>\n<p>[\/vc_column_text]<div class=\"clearboth\"><\/div><style>#thegem-divider-69eb967f56db1 {margin-top: 30px !important;}<\/style><div id=\"thegem-divider-69eb967f56db1\" class=\"gem-divider  \" style=\"\"><\/div>[vc_tta_tour shape=\u00a0\u00bbsquare\u00a0\u00bb spacing=\u00a0\u00bb\u00a0\u00bb controls_size=\u00a0\u00bbmd\u00a0\u00bb active_section=\u00a0\u00bb1&Prime;][vc_tta_section title=\u00a0\u00bbEmbout perce-moule\u00a0\u00bb tab_id=\u00a0\u00bb1564673521990-201c70d5-8b48&Prime;][vc_row_inner][vc_column_inner width=\u00a0\u00bb1\/2&Prime;][vc_single_image image=\u00a0\u00bb31432&Prime; img_size=\u00a0\u00bbfull\u00a0\u00bb onclick=\u00a0\u00bblink_image\u00a0\u00bb]<div class=\"gem-button-container gem-button-position-center thegem-button-69eb967f56e46120\"  ><a class=\"gem-button gem-button-size-medium gem-button-style-flat gem-button-text-weight-normal gem-button-icon-position-left\" data-ll-effect=\"drop-right-without-wrap\" style=\"border-radius: 3px;\" onmouseleave=\"\" onmouseenter=\"\" href=\"https:\/\/maxmaticbymetaconcept.com\/demande-de-devis\/\" target=\"_blank\"><i class=\"gem-print-icon gem-icon-pack-material \">&#xf473;<\/i>DEMANDER UN DEVIS<\/a><\/div> [\/vc_column_inner][vc_column_inner width=\u00a0\u00bb1\/2&Prime;][vc_column_text]Dans le cas o\u00f9 l\u2019empreinte de l\u2019entr\u00e9e du moule ne correspond pas au nez d\u2019injecteur, nous vous conseillons l\u2019utilisation de l\u2019embout perce moule.<\/p>\n<p>Celui-ci vous permettra de r\u00e9aliser une \u00e9tanch\u00e9it\u00e9 parfaite entre le nez d\u2019injection et l\u2019entr\u00e9e du moule.[\/vc_column_text][\/vc_column_inner][\/vc_row_inner][\/vc_tta_section][vc_tta_section title=\u00a0\u00bbPuce RFID\u00a0\u00bb tab_id=\u00a0\u00bb1564673522099-5b574e64-6bbd\u00a0\u00bb][vc_row_inner][vc_column_inner width=\u00a0\u00bb1\/2&Prime;][vc_single_image image=\u00a0\u00bb31435&Prime; img_size=\u00a0\u00bblarge\u00a0\u00bb onclick=\u00a0\u00bblink_image\u00a0\u00bb]<div class=\"gem-button-container gem-button-position-center thegem-button-69eb967f56ec65966\"  ><a class=\"gem-button gem-button-size-medium gem-button-style-flat gem-button-text-weight-normal gem-button-icon-position-left\" data-ll-effect=\"drop-right-without-wrap\" style=\"border-radius: 3px;\" onmouseleave=\"\" onmouseenter=\"\" href=\"https:\/\/maxmaticbymetaconcept.com\/demande-de-devis\/\" target=\"_blank\"><i class=\"gem-print-icon gem-icon-pack-material \">&#xf473;<\/i>DEMANDER UN DEVIS<\/a><\/div> [\/vc_column_inner][vc_column_inner width=\u00a0\u00bb1\/2&Prime;][vc_column_text]Les puces RFID vous faciliteront le travail d&rsquo;injection par l&rsquo;enregistrement des param\u00e8tres optimaux de vos moules.[\/vc_column_text][\/vc_column_inner][\/vc_row_inner][\/vc_tta_section][vc_tta_section title=\u00a0\u00bbSupport de moule\u00a0\u00bb tab_id=\u00a0\u00bb1573576791602-97229d3b-fcb6&Prime;][vc_row_inner][vc_column_inner width=\u00a0\u00bb1\/2&Prime;][vc_single_image image=\u00a0\u00bb30866&Prime; img_size=\u00a0\u00bblarge\u00a0\u00bb onclick=\u00a0\u00bblink_image\u00a0\u00bb]<div class=\"gem-button-container gem-button-position-center thegem-button-69eb967f56f087602\"  ><a class=\"gem-button gem-button-size-medium gem-button-style-flat gem-button-text-weight-normal gem-button-icon-position-left\" data-ll-effect=\"drop-right-without-wrap\" style=\"border-radius: 3px;\" onmouseleave=\"\" onmouseenter=\"\" href=\"https:\/\/maxmaticbymetaconcept.com\/demande-de-devis\/\" target=\"_blank\"><i class=\"gem-print-icon gem-icon-pack-material \">&#xf473;<\/i>DEMANDER UN DEVIS<\/a><\/div> [\/vc_column_inner][vc_column_inner width=\u00a0\u00bb1\/2&Prime;][vc_column_text]Pour faciliter l\u2019ergonomie \u00e0 l\u2019injection, MAXMATIC vous propose un support qui vous permettra de positionner simplement vos moules face au nez d\u2019injecteur de cire.<\/p>\n<p>Contactez \u2013nous pour conna\u00eetre les dimensions disponibles.[\/vc_column_text][\/vc_column_inner][\/vc_row_inner][\/vc_tta_section][\/vc_tta_tour]<div class=\"clearboth\"><\/div><style>#thegem-divider-69eb967f56f23 {margin-top: 30px !important;}<\/style><div id=\"thegem-divider-69eb967f56f23\" class=\"gem-divider  \" style=\"\"><\/div>[\/vc_column][\/vc_row][vc_row full_width=\u00a0\u00bbstretch_row\u00a0\u00bb css=\u00a0\u00bb.vc_custom_1564596195755{background-position: center !important;background-repeat: no-repeat !important;background-size: cover !important;}\u00a0\u00bb][vc_column el_class=\u00a0\u00bb.custom-qf\u00a0\u00bb]<div class=\"clearboth\"><\/div><style>#thegem-divider-69eb967f56f3a {margin-top: 30px !important;}<\/style><div id=\"thegem-divider-69eb967f56f3a\" class=\"gem-divider  \" style=\"\"><\/div>[vc_column_text css_animation=\u00a0\u00bbtop-to-bottom\u00a0\u00bb]<\/p>\n<h2 style=\"text-align: left;\">AUTRES PRODUITS<\/h2>\n<p>[\/vc_column_text]<div class=\"clearboth\"><\/div><style>#thegem-divider-69eb967f56f4b {margin-top: 50px !important;}<\/style><div id=\"thegem-divider-69eb967f56f4b\" class=\"gem-divider  \" style=\"\"><\/div>[vc_row_inner][vc_column_inner width=\u00a0\u00bb1\/4&Prime;][vc_hoverbox image=\u00a0\u00bb31048&Prime; primary_title=\u00a0\u00bb\u00a0\u00bb hover_title=\u00a0\u00bbTALC\u00a0\u00bb hover_title_font_container=\u00a0\u00bbcolor:%23ffffff\u00a0\u00bb hover_title_use_theme_fonts=\u00a0\u00bbyes\u00a0\u00bb shape=\u00a0\u00bbsquare\u00a0\u00bb hover_background_color=\u00a0\u00bbcustom\u00a0\u00bb hover_btn_title=\u00a0\u00bbVoir le produit\u00a0\u00bb hover_btn_style=\u00a0\u00bbcustom\u00a0\u00bb hover_btn_custom_background=\u00a0\u00bb#2b2b2b\u00a0\u00bb hover_btn_custom_text=\u00a0\u00bb#ffffff\u00a0\u00bb hover_btn_shape=\u00a0\u00bbsquare\u00a0\u00bb hover_btn_i_icon_fontawesome=\u00a0\u00bbfas fa-search-plus\u00a0\u00bb hover_btn_css_animation=\u00a0\u00bbnone\u00a0\u00bb css_animation=\u00a0\u00bbfadeInDown\u00a0\u00bb use_custom_fonts_hover_title=\u00a0\u00bbtrue\u00a0\u00bb hover_add_button=\u00a0\u00bbtrue\u00a0\u00bb hover_btn_add_icon=\u00a0\u00bbtrue\u00a0\u00bb hover_btn_link=\u00a0\u00bburl:https%3A%2F%2Fmaxmaticbymetaconcept.com%2Ffr%2Fcatalogue%2Fconsommables%2Ftalc%2F|title:Talc%20de%20synth%C3%A8se||\u00a0\u00bb hover_custom_background=\u00a0\u00bb#ae0015&Prime; hover_title_link=\u00a0\u00bburl:https%3A%2F%2Fmaxmaticbymetaconcept.com%2Fcatalogue%2Fconsommables%2Ftalc|title:Talc||\u00a0\u00bb][\/vc_hoverbox][\/vc_column_inner][vc_column_inner width=\u00a0\u00bb1\/4&Prime;][vc_hoverbox image=\u00a0\u00bb31012&Prime; primary_title=\u00a0\u00bb\u00a0\u00bb hover_title=\u00a0\u00bbCIRES D&rsquo;INJECTION\u00a0\u00bb hover_title_font_container=\u00a0\u00bbcolor:%23ffffff\u00a0\u00bb hover_title_use_theme_fonts=\u00a0\u00bbyes\u00a0\u00bb shape=\u00a0\u00bbsquare\u00a0\u00bb hover_background_color=\u00a0\u00bbcustom\u00a0\u00bb hover_btn_title=\u00a0\u00bbVoir le produit\u00a0\u00bb hover_btn_style=\u00a0\u00bbcustom\u00a0\u00bb hover_btn_custom_background=\u00a0\u00bb#2b2b2b\u00a0\u00bb hover_btn_custom_text=\u00a0\u00bb#ffffff\u00a0\u00bb hover_btn_shape=\u00a0\u00bbsquare\u00a0\u00bb hover_btn_i_icon_fontawesome=\u00a0\u00bbfas fa-search-plus\u00a0\u00bb hover_btn_css_animation=\u00a0\u00bbnone\u00a0\u00bb css_animation=\u00a0\u00bbfadeInDown\u00a0\u00bb use_custom_fonts_hover_title=\u00a0\u00bbtrue\u00a0\u00bb hover_add_button=\u00a0\u00bbtrue\u00a0\u00bb hover_btn_add_icon=\u00a0\u00bbtrue\u00a0\u00bb hover_btn_link=\u00a0\u00bburl:https%3A%2F%2Fmaxmaticbymetaconcept.com%2Ffr%2Fcatalogue%2Fconsommables%2Fcires-dinjection%2F|title:Cires%20d%E2%80%99injection||\u00a0\u00bb hover_custom_background=\u00a0\u00bb#ae0015&Prime; hover_title_link=\u00a0\u00bburl:https%3A%2F%2Fmaxmaticbymetaconcept.com%2Fcatalogue%2Fconsommables%2Fcires-dinjection%2F|title:Cires%20d%E2%80%99injection||\u00a0\u00bb][\/vc_hoverbox][\/vc_column_inner][vc_column_inner width=\u00a0\u00bb1\/4&Prime;][vc_hoverbox image=\u00a0\u00bb32657&Prime; primary_title=\u00a0\u00bb\u00a0\u00bb hover_title=\u00a0\u00bbINJECTEURS DE CIRE\u00a0\u00bb hover_title_font_container=\u00a0\u00bbcolor:%23ffffff\u00a0\u00bb hover_title_use_theme_fonts=\u00a0\u00bbyes\u00a0\u00bb shape=\u00a0\u00bbsquare\u00a0\u00bb hover_background_color=\u00a0\u00bbcustom\u00a0\u00bb hover_btn_title=\u00a0\u00bbVoir le produit\u00a0\u00bb hover_btn_style=\u00a0\u00bbcustom\u00a0\u00bb hover_btn_custom_background=\u00a0\u00bb#2b2b2b\u00a0\u00bb hover_btn_custom_text=\u00a0\u00bb#ffffff\u00a0\u00bb hover_btn_shape=\u00a0\u00bbsquare\u00a0\u00bb hover_btn_i_icon_fontawesome=\u00a0\u00bbfas fa-search-plus\u00a0\u00bb hover_btn_css_animation=\u00a0\u00bbnone\u00a0\u00bb css_animation=\u00a0\u00bbfadeInDown\u00a0\u00bb use_custom_fonts_hover_title=\u00a0\u00bbtrue\u00a0\u00bb hover_add_button=\u00a0\u00bbtrue\u00a0\u00bb hover_btn_add_icon=\u00a0\u00bbtrue\u00a0\u00bb hover_btn_link=\u00a0\u00bburl:https%3A%2F%2Fmaxmaticbymetaconcept.com%2Ffr%2Fcatalogue%2Finjecteurs-de-cire%2F|title:Injecteurs%20de%20cire||\u00a0\u00bb hover_custom_background=\u00a0\u00bb#ae0015&Prime; hover_title_link=\u00a0\u00bburl:https%3A%2F%2Fmaxmaticbymetaconcept.com%2Fcatalogue%2Finjecteurs-de-cire%2F|title:Injecteurs%20de%20cire||\u00a0\u00bb][\/vc_hoverbox][\/vc_column_inner][vc_column_inner width=\u00a0\u00bb1\/4&Prime;][\/vc_column_inner][\/vc_row_inner]<div class=\"clearboth\"><\/div><style>#thegem-divider-69eb967f56f58 {margin-top: 45px !important;}<\/style><div id=\"thegem-divider-69eb967f56f58\" class=\"gem-divider  \" style=\"\"><\/div>[\/vc_column][\/vc_row]<\/p>\n<\/div>","protected":false},"excerpt":{"rendered":"<p>[vc_row][vc_column][vc_column_text] Pour compl\u00e9ter l\u2019utilisation de votre injecteur de cire,\u00a0MAXMATIC vous propose une gamme de petits accessoires. [\/vc_column_text][vc_tta_tour shape=\u00a0\u00bbsquare\u00a0\u00bb spacing=\u00a0\u00bb\u00a0\u00bb controls_size=\u00a0\u00bbmd\u00a0\u00bb&#8230;<\/p>\n","protected":false},"author":3,"featured_media":0,"parent":30553,"menu_order":0,"comment_status":"closed","ping_status":"closed","template":"","meta":[],"acf":[],"yoast_head":"<!-- This site is optimized with the Yoast SEO plugin v19.6.1 - https:\/\/yoast.com\/wordpress\/plugins\/seo\/ -->\n<title>Accessoires pour l&#039;injection de cire en bijouterie - Maxmatic by Metaconcept<\/title>\n<meta name=\"description\" content=\"Accessoires d\u2019injection pour la fonte \u00e0 cire perdue - Maxmatic, concepteur d&#039;injecteurs de cire, partenaire privil\u00e9gi\u00e9 des plus grandes maisons de bijouterie en France et dans le Monde depuis plus de 10 ans.\" \/>\n<meta name=\"robots\" content=\"index, follow, max-snippet:-1, max-image-preview:large, max-video-preview:-1\" \/>\n<link rel=\"canonical\" href=\"https:\/\/maxmaticbymetaconcept.com\/fr\/catalogue\/accessoires\/accessoires-dinjection\/\" \/>\n<meta property=\"og:locale\" content=\"fr_FR\" \/>\n<meta property=\"og:type\" content=\"article\" \/>\n<meta property=\"og:title\" content=\"Accessoires pour l&#039;injection de cire en bijouterie - Maxmatic by Metaconcept\" \/>\n<meta property=\"og:description\" content=\"Accessoires d\u2019injection pour la fonte \u00e0 cire perdue - Maxmatic, concepteur d&#039;injecteurs de cire, partenaire privil\u00e9gi\u00e9 des plus grandes maisons de bijouterie en France et dans le Monde depuis plus de 10 ans.\" \/>\n<meta property=\"og:url\" content=\"https:\/\/maxmaticbymetaconcept.com\/fr\/catalogue\/accessoires\/accessoires-dinjection\/\" \/>\n<meta property=\"og:site_name\" content=\"Maxmatic by Metaconcept\" \/>\n<meta property=\"article:modified_time\" content=\"2024-01-09T14:20:17+00:00\" \/>\n<meta name=\"twitter:card\" content=\"summary_large_image\" \/>\n<meta name=\"twitter:label1\" content=\"Dur\u00e9e de lecture estim\u00e9e\" \/>\n\t<meta name=\"twitter:data1\" content=\"2 minutes\" \/>\n<script type=\"application\/ld+json\" class=\"yoast-schema-graph\">{\"@context\":\"https:\/\/schema.org\",\"@graph\":[{\"@type\":\"WebPage\",\"@id\":\"https:\/\/maxmaticbymetaconcept.com\/fr\/catalogue\/accessoires\/accessoires-dinjection\/\",\"url\":\"https:\/\/maxmaticbymetaconcept.com\/fr\/catalogue\/accessoires\/accessoires-dinjection\/\",\"name\":\"Accessoires pour l'injection de cire en bijouterie - Maxmatic by Metaconcept\",\"isPartOf\":{\"@id\":\"https:\/\/maxmaticbymetaconcept.com\/fr\/#website\"},\"datePublished\":\"2019-08-01T15:02:43+00:00\",\"dateModified\":\"2024-01-09T14:20:17+00:00\",\"description\":\"Accessoires d\u2019injection pour la fonte \u00e0 cire perdue - Maxmatic, concepteur d'injecteurs de cire, partenaire privil\u00e9gi\u00e9 des plus grandes maisons de bijouterie en France et dans le Monde depuis plus de 10 ans.\",\"breadcrumb\":{\"@id\":\"https:\/\/maxmaticbymetaconcept.com\/fr\/catalogue\/accessoires\/accessoires-dinjection\/#breadcrumb\"},\"inLanguage\":\"fr-FR\",\"potentialAction\":[{\"@type\":\"ReadAction\",\"target\":[\"https:\/\/maxmaticbymetaconcept.com\/fr\/catalogue\/accessoires\/accessoires-dinjection\/\"]}]},{\"@type\":\"BreadcrumbList\",\"@id\":\"https:\/\/maxmaticbymetaconcept.com\/fr\/catalogue\/accessoires\/accessoires-dinjection\/#breadcrumb\",\"itemListElement\":[{\"@type\":\"ListItem\",\"position\":1,\"name\":\"Accueil\",\"item\":\"https:\/\/maxmaticbymetaconcept.com\/fr\/\"},{\"@type\":\"ListItem\",\"position\":2,\"name\":\"Catalogue\",\"item\":\"https:\/\/maxmaticbymetaconcept.com\/fr\/catalogue\/\"},{\"@type\":\"ListItem\",\"position\":3,\"name\":\"Accessoires pour la fonte \u00e0 cire perdue\",\"item\":\"https:\/\/maxmaticbymetaconcept.com\/fr\/catalogue\/accessoires\/\"},{\"@type\":\"ListItem\",\"position\":4,\"name\":\"Accessoires d\u2019injection pour la fonte \u00e0 cire perdue\"}]},{\"@type\":\"WebSite\",\"@id\":\"https:\/\/maxmaticbymetaconcept.com\/fr\/#website\",\"url\":\"https:\/\/maxmaticbymetaconcept.com\/fr\/\",\"name\":\"Maxmatic by Metaconcept\",\"description\":\"Concepteur d\u2019automates et d\u2019injecteurs de cire\",\"publisher\":{\"@id\":\"https:\/\/maxmaticbymetaconcept.com\/fr\/#organization\"},\"potentialAction\":[{\"@type\":\"SearchAction\",\"target\":{\"@type\":\"EntryPoint\",\"urlTemplate\":\"https:\/\/maxmaticbymetaconcept.com\/fr\/?s={search_term_string}\"},\"query-input\":\"required name=search_term_string\"}],\"inLanguage\":\"fr-FR\"},{\"@type\":\"Organization\",\"@id\":\"https:\/\/maxmaticbymetaconcept.com\/fr\/#organization\",\"name\":\"Maxmatic\",\"url\":\"https:\/\/maxmaticbymetaconcept.com\/fr\/\",\"sameAs\":[],\"logo\":{\"@type\":\"ImageObject\",\"inLanguage\":\"fr-FR\",\"@id\":\"https:\/\/maxmaticbymetaconcept.com\/fr\/#\/schema\/logo\/image\/\",\"url\":\"https:\/\/maxmaticbymetaconcept.com\/wp-content\/uploads\/2019\/12\/logo_61f27bd46ca7aded325892a414f5bc2f_1x.png\",\"contentUrl\":\"https:\/\/maxmaticbymetaconcept.com\/wp-content\/uploads\/2019\/12\/logo_61f27bd46ca7aded325892a414f5bc2f_1x.png\",\"width\":132,\"height\":25,\"caption\":\"Maxmatic\"},\"image\":{\"@id\":\"https:\/\/maxmaticbymetaconcept.com\/fr\/#\/schema\/logo\/image\/\"}}]}<\/script>\n<!-- \/ Yoast SEO plugin. -->","yoast_head_json":{"title":"Accessoires pour l'injection de cire en bijouterie - Maxmatic by Metaconcept","description":"Accessoires d\u2019injection pour la fonte \u00e0 cire perdue - Maxmatic, concepteur d'injecteurs de cire, partenaire privil\u00e9gi\u00e9 des plus grandes maisons de bijouterie en France et dans le Monde depuis plus de 10 ans.","robots":{"index":"index","follow":"follow","max-snippet":"max-snippet:-1","max-image-preview":"max-image-preview:large","max-video-preview":"max-video-preview:-1"},"canonical":"https:\/\/maxmaticbymetaconcept.com\/fr\/catalogue\/accessoires\/accessoires-dinjection\/","og_locale":"fr_FR","og_type":"article","og_title":"Accessoires pour l'injection de cire en bijouterie - Maxmatic by Metaconcept","og_description":"Accessoires d\u2019injection pour la fonte \u00e0 cire perdue - Maxmatic, concepteur d'injecteurs de cire, partenaire privil\u00e9gi\u00e9 des plus grandes maisons de bijouterie en France et dans le Monde depuis plus de 10 ans.","og_url":"https:\/\/maxmaticbymetaconcept.com\/fr\/catalogue\/accessoires\/accessoires-dinjection\/","og_site_name":"Maxmatic by Metaconcept","article_modified_time":"2024-01-09T14:20:17+00:00","twitter_card":"summary_large_image","twitter_misc":{"Dur\u00e9e de lecture estim\u00e9e":"2 minutes"},"schema":{"@context":"https:\/\/schema.org","@graph":[{"@type":"WebPage","@id":"https:\/\/maxmaticbymetaconcept.com\/fr\/catalogue\/accessoires\/accessoires-dinjection\/","url":"https:\/\/maxmaticbymetaconcept.com\/fr\/catalogue\/accessoires\/accessoires-dinjection\/","name":"Accessoires pour l'injection de cire en bijouterie - Maxmatic by Metaconcept","isPartOf":{"@id":"https:\/\/maxmaticbymetaconcept.com\/fr\/#website"},"datePublished":"2019-08-01T15:02:43+00:00","dateModified":"2024-01-09T14:20:17+00:00","description":"Accessoires d\u2019injection pour la fonte \u00e0 cire perdue - Maxmatic, concepteur d'injecteurs de cire, partenaire privil\u00e9gi\u00e9 des plus grandes maisons de bijouterie en France et dans le Monde depuis plus de 10 ans.","breadcrumb":{"@id":"https:\/\/maxmaticbymetaconcept.com\/fr\/catalogue\/accessoires\/accessoires-dinjection\/#breadcrumb"},"inLanguage":"fr-FR","potentialAction":[{"@type":"ReadAction","target":["https:\/\/maxmaticbymetaconcept.com\/fr\/catalogue\/accessoires\/accessoires-dinjection\/"]}]},{"@type":"BreadcrumbList","@id":"https:\/\/maxmaticbymetaconcept.com\/fr\/catalogue\/accessoires\/accessoires-dinjection\/#breadcrumb","itemListElement":[{"@type":"ListItem","position":1,"name":"Accueil","item":"https:\/\/maxmaticbymetaconcept.com\/fr\/"},{"@type":"ListItem","position":2,"name":"Catalogue","item":"https:\/\/maxmaticbymetaconcept.com\/fr\/catalogue\/"},{"@type":"ListItem","position":3,"name":"Accessoires pour la fonte \u00e0 cire perdue","item":"https:\/\/maxmaticbymetaconcept.com\/fr\/catalogue\/accessoires\/"},{"@type":"ListItem","position":4,"name":"Accessoires d\u2019injection pour la fonte \u00e0 cire perdue"}]},{"@type":"WebSite","@id":"https:\/\/maxmaticbymetaconcept.com\/fr\/#website","url":"https:\/\/maxmaticbymetaconcept.com\/fr\/","name":"Maxmatic by Metaconcept","description":"Concepteur d\u2019automates et d\u2019injecteurs de cire","publisher":{"@id":"https:\/\/maxmaticbymetaconcept.com\/fr\/#organization"},"potentialAction":[{"@type":"SearchAction","target":{"@type":"EntryPoint","urlTemplate":"https:\/\/maxmaticbymetaconcept.com\/fr\/?s={search_term_string}"},"query-input":"required name=search_term_string"}],"inLanguage":"fr-FR"},{"@type":"Organization","@id":"https:\/\/maxmaticbymetaconcept.com\/fr\/#organization","name":"Maxmatic","url":"https:\/\/maxmaticbymetaconcept.com\/fr\/","sameAs":[],"logo":{"@type":"ImageObject","inLanguage":"fr-FR","@id":"https:\/\/maxmaticbymetaconcept.com\/fr\/#\/schema\/logo\/image\/","url":"https:\/\/maxmaticbymetaconcept.com\/wp-content\/uploads\/2019\/12\/logo_61f27bd46ca7aded325892a414f5bc2f_1x.png","contentUrl":"https:\/\/maxmaticbymetaconcept.com\/wp-content\/uploads\/2019\/12\/logo_61f27bd46ca7aded325892a414f5bc2f_1x.png","width":132,"height":25,"caption":"Maxmatic"},"image":{"@id":"https:\/\/maxmaticbymetaconcept.com\/fr\/#\/schema\/logo\/image\/"}}]}},"_links":{"self":[{"href":"https:\/\/maxmaticbymetaconcept.com\/fr\/wp-json\/wp\/v2\/pages\/30733"}],"collection":[{"href":"https:\/\/maxmaticbymetaconcept.com\/fr\/wp-json\/wp\/v2\/pages"}],"about":[{"href":"https:\/\/maxmaticbymetaconcept.com\/fr\/wp-json\/wp\/v2\/types\/page"}],"author":[{"embeddable":true,"href":"https:\/\/maxmaticbymetaconcept.com\/fr\/wp-json\/wp\/v2\/users\/3"}],"replies":[{"embeddable":true,"href":"https:\/\/maxmaticbymetaconcept.com\/fr\/wp-json\/wp\/v2\/comments?post=30733"}],"version-history":[{"count":51,"href":"https:\/\/maxmaticbymetaconcept.com\/fr\/wp-json\/wp\/v2\/pages\/30733\/revisions"}],"predecessor-version":[{"id":32665,"href":"https:\/\/maxmaticbymetaconcept.com\/fr\/wp-json\/wp\/v2\/pages\/30733\/revisions\/32665"}],"up":[{"embeddable":true,"href":"https:\/\/maxmaticbymetaconcept.com\/fr\/wp-json\/wp\/v2\/pages\/30553"}],"wp:attachment":[{"href":"https:\/\/maxmaticbymetaconcept.com\/fr\/wp-json\/wp\/v2\/media?parent=30733"}],"curies":[{"name":"wp","href":"https:\/\/api.w.org\/{rel}","templated":true}]}}