{"id":30755,"date":"2019-08-01T17:04:31","date_gmt":"2019-08-01T15:04:31","guid":{"rendered":"https:\/\/maxmaticbymetaconcept.com\/?page_id=30755"},"modified":"2020-10-05T15:34:56","modified_gmt":"2020-10-05T13:34:56","slug":"fabrication-des-moules","status":"publish","type":"page","link":"https:\/\/maxmaticbymetaconcept.com\/fr\/catalogue\/accessoires\/fabrication-des-moules\/","title":{"rendered":"Fabrication de moules pour fonte \u00e0 cire perdue"},"content":{"rendered":"<div class=\"wpb-content-wrapper\"><p>[vc_row el_id=\u00a0\u00bblink\u00a0\u00bb][vc_column]<div class=\"clearboth\"><\/div><style>#thegem-divider-69eb92252c176 {margin-top: 30px !important;}<\/style><div id=\"thegem-divider-69eb92252c176\" class=\"gem-divider  \" style=\"\"><\/div>[vc_column_text]<\/p>\n<h2>Pour la fabrication de vos moules, MAXMATIC vous propose une gamme d&rsquo;accessoires selon vos besoins.<\/h2>\n<p>[\/vc_column_text]<div class=\"clearboth\"><\/div><style>#thegem-divider-69eb92252c1b4 {margin-top: 30px !important;}<\/style><div id=\"thegem-divider-69eb92252c1b4\" class=\"gem-divider  \" style=\"\"><\/div>[vc_tta_tour shape=\u00a0\u00bbsquare\u00a0\u00bb spacing=\u00a0\u00bb\u00a0\u00bb active_section=\u00a0\u00bb1&Prime;][vc_tta_section title=\u00a0\u00bbCadres \/ toutes dimensions\u00a0\u00bb tab_id=\u00a0\u00bb1564666942629-9a5ddc89-9e52046f-f12f\u00a0\u00bb][vc_row_inner][vc_column_inner width=\u00a0\u00bb1\/2&Prime;][vc_single_image image=\u00a0\u00bb30993&Prime; img_size=\u00a0\u00bblarge\u00a0\u00bb alignment=\u00a0\u00bbcenter\u00a0\u00bb onclick=\u00a0\u00bblink_image\u00a0\u00bb][\/vc_column_inner][vc_column_inner width=\u00a0\u00bb1\/2&Prime;][vc_column_text]Nous avons une large gamme de cadres pour la r\u00e9alisation de vos moules.[\/vc_column_text]<div class=\"gem-button-container gem-button-position-center thegem-button-69eb92252c2518575\"  ><a class=\"gem-button gem-button-size-medium gem-button-style-flat gem-button-text-weight-normal gem-button-icon-position-left\" data-ll-effect=\"drop-right-without-wrap\" style=\"border-radius: 3px;\" onmouseleave=\"\" onmouseenter=\"\" href=\"https:\/\/maxmaticbymetaconcept.com\/demande-de-devis\/\" target=\"_blank\"><i class=\"gem-print-icon gem-icon-pack-material \">&#xf473;<\/i>DEMANDER UN DEVIS<\/a><\/div> [\/vc_column_inner][\/vc_row_inner][vc_column_text]Pour les moules \u00e0 vulcaniser, nos cadres aluminium sont \u00e9quip\u00e9s d\u2019une tige r\u00e9glable et de l\u2019empreinte du nez d\u2019injecteur.[\/vc_column_text][vc_column_text]<\/p>\n<h4 style=\"text-align: center;\">CADRES SIMPLES<\/h4>\n<p>[\/vc_column_text]<div class=\"gem-table gem-table-responsive gem-table-style-1 row-headers\"><table style=\"width: 100%;\">\n<thead>\n<tr>\n<th><strong>R\u00e9f\u00e9rences<\/strong><\/th>\n<th><strong>Dimensions int\u00e9rieures mm<\/strong><\/th>\n<th><strong>Dimensions ext\u00e9rieures mm<\/strong><\/th>\n<\/tr>\n<\/thead>\n<tbody>\n<tr>\n<td>MXCH3560<\/td>\n<td>L30XH60XEP24<\/td>\n<td>L100XH85XEP28<\/td>\n<\/tr>\n<tr>\n<td>MXCH4060<\/td>\n<td>L40XH60XEP24<\/td>\n<td>L100XH85XEP28<\/td>\n<\/tr>\n<tr>\n<td>MXCH5070<\/td>\n<td>L50XH70XEP24<\/td>\n<td>L120XH100XEP28<\/td>\n<\/tr>\n<tr>\n<td>MXCH7100<\/td>\n<td>L70XH100XEP29<\/td>\n<td>L150XH108XEP32<\/td>\n<\/tr>\n<tr>\n<td>MXCH7100<\/td>\n<td>L90XH120XEP38<\/td>\n<td>L170XH130XEP38<\/td>\n<\/tr>\n<tr>\n<td>MXCH9140<\/td>\n<td>L90XH140XEP38<\/td>\n<td>L195XH150XEP38<\/td>\n<\/tr>\n<\/tbody>\n<\/table>\n<\/div>[vc_column_text]<\/p>\n<h4 style=\"text-align: center;\">CADRES DOUBLES<\/h4>\n<p>[\/vc_column_text]<div class=\"gem-table gem-table-responsive gem-table-style-1 row-headers\"><table style=\"width: 100%;\">\n<thead>\n<tr>\n<th><strong>R\u00e9f\u00e9rences<\/strong><\/th>\n<th><strong>Dimensions int\u00e9rieures mm<\/strong><\/th>\n<th><strong>Dimensions ext\u00e9rieures mm<\/strong><\/th>\n<\/tr>\n<\/thead>\n<tbody>\n<tr>\n<td>MXCH3519<\/td>\n<td>35X50X19H<\/td>\n<td>120X90X23H<\/td>\n<\/tr>\n<tr>\n<td>MXCH3529<\/td>\n<td>35X50X29H<\/td>\n<td>120X90X33H<\/td>\n<\/tr>\n<tr>\n<td>MXCH5019<\/td>\n<td>50X70X19H<\/td>\n<td>160X120X23H<\/td>\n<\/tr>\n<tr>\n<td>MXCH5029<\/td>\n<td>50X70X29H<\/td>\n<td>160X120X33H<\/td>\n<\/tr>\n<\/tbody>\n<\/table>\n<\/div>[vc_column_text]<em>Autres dimensions sur demande.<\/em>[\/vc_column_text][vc_column_text]Pour les moules r\u00e9alis\u00e9s avec du silicone liquide, nos cadres aluminium\/plexi sont \u00e9quip\u00e9s de cales,<br \/>\nd\u2019une tige r\u00e9glable et de l\u2019empreinte du nez d\u2019injecteur.[\/vc_column_text]<div class=\"gem-table gem-table-responsive gem-table-style-1 row-headers\"><table style=\"width: 100%;\">\n<thead>\n<tr>\n<th><strong>R\u00e9f\u00e9rences<\/strong><\/th>\n<th><strong>Dimensions int\u00e9rieures mm<\/strong><\/th>\n<th><strong>Dimensions ext\u00e9rieures mm<\/strong><\/th>\n<\/tr>\n<\/thead>\n<tbody>\n<tr>\n<td>MXPE0080<\/td>\n<td>L100 X H210 X EP24<\/td>\n<td>L139XH230XEP40<\/td>\n<\/tr>\n<tr>\n<td>MXPE0254<\/td>\n<td>L59 X H210 X EP22<\/td>\n<td>L97XH230XEP37<\/td>\n<\/tr>\n<tr>\n<td>MXPE0255<\/td>\n<td>L59 X H210 X EP24<\/td>\n<td>L97XH230XEP38<\/td>\n<\/tr>\n<tr>\n<td>MXPE0256<\/td>\n<td>L59 X H210 X EP27<\/td>\n<td>L98XH230XEP44<\/td>\n<\/tr>\n<tr>\n<td>MXPE0257<\/td>\n<td>L69 X H210 X EP22<\/td>\n<td>L107XH230XEP37<\/td>\n<\/tr>\n<tr>\n<td>MXPE0258<\/td>\n<td>L69 X H210 X EP24<\/td>\n<td>L107XH230XEP39<\/td>\n<\/tr>\n<tr>\n<td>MXPE0259<\/td>\n<td>L69 X H210 X EP27<\/td>\n<td>L107xH230xEP42<\/td>\n<\/tr>\n<\/tbody>\n<\/table>\n<\/div>[vc_column_text]<em>Autres dimensions sur demande.<\/em>[\/vc_column_text][\/vc_tta_section][vc_tta_section title=\u00a0\u00bbEmbouts acier \u00e0 br\u00fbler\u00a0\u00bb tab_id=\u00a0\u00bb1573576293823-ef8434d7-8b4b\u00a0\u00bb][vc_row_inner][vc_column_inner width=\u00a0\u00bb1\/2&Prime;][vc_single_image image=\u00a0\u00bb31428&Prime; img_size=\u00a0\u00bblarge\u00a0\u00bb onclick=\u00a0\u00bblink_image\u00a0\u00bb]<div class=\"gem-button-container gem-button-position-center thegem-button-69eb92252c4222588\"  ><a class=\"gem-button gem-button-size-medium gem-button-style-flat gem-button-text-weight-normal gem-button-icon-position-left\" data-ll-effect=\"drop-right-without-wrap\" style=\"border-radius: 3px;\" onmouseleave=\"\" onmouseenter=\"\" href=\"https:\/\/maxmaticbymetaconcept.com\/demande-de-devis\/\" target=\"_blank\"><i class=\"gem-print-icon gem-icon-pack-material \">&#xf473;<\/i>DEMANDER UN DEVIS<\/a><\/div> [\/vc_column_inner][vc_column_inner width=\u00a0\u00bb1\/2&Prime;][vc_column_text]Ces embouts coniques vous permettront de modeler efficacement l&#8217;empreinte du nez d&rsquo;injecteur.[\/vc_column_text][\/vc_column_inner][\/vc_row_inner][\/vc_tta_section][\/vc_tta_tour]<div class=\"clearboth\"><\/div><style>#thegem-divider-69eb92252c44b {margin-top: 30px !important;}<\/style><div id=\"thegem-divider-69eb92252c44b\" class=\"gem-divider  \" style=\"\"><\/div>[\/vc_column][\/vc_row][vc_row full_width=\u00a0\u00bbstretch_row\u00a0\u00bb css=\u00a0\u00bb.vc_custom_1564596195755{background-position: center !important;background-repeat: no-repeat !important;background-size: cover !important;}\u00a0\u00bb][vc_column el_class=\u00a0\u00bb.custom-qf\u00a0\u00bb]<div class=\"clearboth\"><\/div><style>#thegem-divider-69eb92252c467 {margin-top: 30px !important;}<\/style><div id=\"thegem-divider-69eb92252c467\" class=\"gem-divider  \" style=\"\"><\/div>[vc_column_text css_animation=\u00a0\u00bbtop-to-bottom\u00a0\u00bb]<\/p>\n<h2 style=\"text-align: left;\">AUTRES PRODUITS<\/h2>\n<p>[\/vc_column_text]<div class=\"clearboth\"><\/div><style>#thegem-divider-69eb92252c477 {margin-top: 50px !important;}<\/style><div id=\"thegem-divider-69eb92252c477\" class=\"gem-divider  \" style=\"\"><\/div>[vc_row_inner][vc_column_inner width=\u00a0\u00bb1\/4&Prime;][vc_hoverbox image=\u00a0\u00bb31037&Prime; primary_title=\u00a0\u00bb\u00a0\u00bb hover_title=\u00a0\u00bbSILICONES\u00a0\u00bb hover_title_font_container=\u00a0\u00bbcolor:%23ffffff\u00a0\u00bb hover_title_use_theme_fonts=\u00a0\u00bbyes\u00a0\u00bb shape=\u00a0\u00bbsquare\u00a0\u00bb hover_background_color=\u00a0\u00bbcustom\u00a0\u00bb hover_btn_title=\u00a0\u00bbVoir le produit\u00a0\u00bb hover_btn_style=\u00a0\u00bbcustom\u00a0\u00bb hover_btn_custom_background=\u00a0\u00bb#2b2b2b\u00a0\u00bb hover_btn_custom_text=\u00a0\u00bb#ffffff\u00a0\u00bb hover_btn_shape=\u00a0\u00bbsquare\u00a0\u00bb hover_btn_i_icon_fontawesome=\u00a0\u00bbfa fa-search-plus\u00a0\u00bb hover_btn_css_animation=\u00a0\u00bbnone\u00a0\u00bb css_animation=\u00a0\u00bbfadeInDown\u00a0\u00bb use_custom_fonts_hover_title=\u00a0\u00bbtrue\u00a0\u00bb hover_add_button=\u00a0\u00bbtrue\u00a0\u00bb hover_btn_add_icon=\u00a0\u00bbtrue\u00a0\u00bb hover_btn_link=\u00a0\u00bburl:%23|||\u00a0\u00bb hover_custom_background=\u00a0\u00bb#ae0015&Prime; hover_title_link=\u00a0\u00bburl:https%3A%2F%2Fmaxmaticbymetaconcept.com%2Fcatalogue%2Fconsommables%2Fsilicones%2F|title:Silicones||\u00a0\u00bb][\/vc_hoverbox][\/vc_column_inner][vc_column_inner width=\u00a0\u00bb1\/4&Prime;][vc_hoverbox image=\u00a0\u00bb31435&Prime; primary_title=\u00a0\u00bb\u00a0\u00bb hover_title=\u00a0\u00bbPUCES RFID\u00a0\u00bb hover_title_font_container=\u00a0\u00bbcolor:%23ffffff\u00a0\u00bb hover_title_use_theme_fonts=\u00a0\u00bbyes\u00a0\u00bb shape=\u00a0\u00bbsquare\u00a0\u00bb hover_background_color=\u00a0\u00bbcustom\u00a0\u00bb hover_btn_title=\u00a0\u00bbVoir le produit\u00a0\u00bb hover_btn_style=\u00a0\u00bbcustom\u00a0\u00bb hover_btn_custom_background=\u00a0\u00bb#2b2b2b\u00a0\u00bb hover_btn_custom_text=\u00a0\u00bb#ffffff\u00a0\u00bb hover_btn_shape=\u00a0\u00bbsquare\u00a0\u00bb hover_btn_i_icon_fontawesome=\u00a0\u00bbfa fa-search-plus\u00a0\u00bb hover_btn_css_animation=\u00a0\u00bbnone\u00a0\u00bb css_animation=\u00a0\u00bbfadeInDown\u00a0\u00bb use_custom_fonts_hover_title=\u00a0\u00bbtrue\u00a0\u00bb hover_add_button=\u00a0\u00bbtrue\u00a0\u00bb hover_btn_add_icon=\u00a0\u00bbtrue\u00a0\u00bb hover_btn_link=\u00a0\u00bburl:%23|||\u00a0\u00bb hover_custom_background=\u00a0\u00bb#ae0015&Prime; hover_title_link=\u00a0\u00bburl:https%3A%2F%2Fmaxmaticbymetaconcept.com%2Fcatalogue%2Faccessoires%2Faccessoires-dinjection%2F|title:Accessoires%20d%E2%80%99injection||\u00a0\u00bb][\/vc_hoverbox][\/vc_column_inner][vc_column_inner width=\u00a0\u00bb1\/4&Prime;][vc_hoverbox image=\u00a0\u00bb31432&Prime; primary_title=\u00a0\u00bb\u00a0\u00bb hover_title=\u00a0\u00bbEMBOUTS PERCE MOULE\u00a0\u00bb hover_title_font_container=\u00a0\u00bbcolor:%23ffffff\u00a0\u00bb hover_title_use_theme_fonts=\u00a0\u00bbyes\u00a0\u00bb shape=\u00a0\u00bbsquare\u00a0\u00bb hover_background_color=\u00a0\u00bbcustom\u00a0\u00bb hover_btn_title=\u00a0\u00bbVoir le produit\u00a0\u00bb hover_btn_style=\u00a0\u00bbcustom\u00a0\u00bb hover_btn_custom_background=\u00a0\u00bb#2b2b2b\u00a0\u00bb hover_btn_custom_text=\u00a0\u00bb#ffffff\u00a0\u00bb hover_btn_shape=\u00a0\u00bbsquare\u00a0\u00bb hover_btn_i_icon_fontawesome=\u00a0\u00bbfa fa-search-plus\u00a0\u00bb hover_btn_css_animation=\u00a0\u00bbnone\u00a0\u00bb css_animation=\u00a0\u00bbfadeInDown\u00a0\u00bb use_custom_fonts_hover_title=\u00a0\u00bbtrue\u00a0\u00bb hover_add_button=\u00a0\u00bbtrue\u00a0\u00bb hover_btn_add_icon=\u00a0\u00bbtrue\u00a0\u00bb hover_btn_link=\u00a0\u00bburl:%23|||\u00a0\u00bb hover_custom_background=\u00a0\u00bb#ae0015&Prime; hover_title_link=\u00a0\u00bburl:https%3A%2F%2Fmaxmaticbymetaconcept.com%2Fcatalogue%2Faccessoires%2Faccessoires-dinjection%2F|title:Accessoires%20d%E2%80%99injection||\u00a0\u00bb][\/vc_hoverbox][\/vc_column_inner][vc_column_inner width=\u00a0\u00bb1\/4&Prime;][\/vc_column_inner][\/vc_row_inner]<div class=\"clearboth\"><\/div><style>#thegem-divider-69eb92252c485 {margin-top: 45px !important;}<\/style><div id=\"thegem-divider-69eb92252c485\" class=\"gem-divider  \" style=\"\"><\/div>[\/vc_column][\/vc_row]<\/p>\n<\/div>","protected":false},"excerpt":{"rendered":"<p>[vc_row el_id=\u00a0\u00bblink\u00a0\u00bb][vc_column][vc_column_text] Pour la fabrication de vos moules, MAXMATIC vous propose une gamme d&rsquo;accessoires selon vos besoins. [\/vc_column_text][vc_tta_tour shape=\u00a0\u00bbsquare\u00a0\u00bb spacing=\u00a0\u00bb\u00a0\u00bb&#8230;<\/p>\n","protected":false},"author":3,"featured_media":0,"parent":30553,"menu_order":0,"comment_status":"closed","ping_status":"closed","template":"","meta":[],"acf":[],"yoast_head":"<!-- This site is optimized with the Yoast SEO plugin v19.6.1 - https:\/\/yoast.com\/wordpress\/plugins\/seo\/ -->\n<title>Fabrication de moules pour fonte \u00e0 cire perdue pour fonte \u00e0 cire perdue - Maxmatic by Metaconcept<\/title>\n<meta name=\"description\" content=\"Fabrication de moules pour fonte \u00e0 cire perdue - Maxmatic, concepteur d&#039;injecteurs de cire, partenaire privil\u00e9gi\u00e9 des plus grandes maisons de bijouterie en France et dans le Monde depuis plus de 10 ans.\" \/>\n<meta name=\"robots\" content=\"index, follow, max-snippet:-1, max-image-preview:large, max-video-preview:-1\" \/>\n<link rel=\"canonical\" href=\"https:\/\/maxmaticbymetaconcept.com\/fr\/catalogue\/accessoires\/fabrication-des-moules\/\" \/>\n<meta property=\"og:locale\" content=\"fr_FR\" \/>\n<meta property=\"og:type\" content=\"article\" \/>\n<meta property=\"og:title\" content=\"Fabrication de moules pour fonte \u00e0 cire perdue pour fonte \u00e0 cire perdue - Maxmatic by Metaconcept\" \/>\n<meta property=\"og:description\" content=\"Fabrication de moules pour fonte \u00e0 cire perdue - Maxmatic, concepteur d&#039;injecteurs de cire, partenaire privil\u00e9gi\u00e9 des plus grandes maisons de bijouterie en France et dans le Monde depuis plus de 10 ans.\" \/>\n<meta property=\"og:url\" content=\"https:\/\/maxmaticbymetaconcept.com\/fr\/catalogue\/accessoires\/fabrication-des-moules\/\" \/>\n<meta property=\"og:site_name\" content=\"Maxmatic by Metaconcept\" \/>\n<meta property=\"article:modified_time\" content=\"2020-10-05T13:34:56+00:00\" \/>\n<meta name=\"twitter:card\" content=\"summary_large_image\" \/>\n<meta name=\"twitter:label1\" content=\"Dur\u00e9e de lecture estim\u00e9e\" \/>\n\t<meta name=\"twitter:data1\" content=\"5 minutes\" \/>\n<script type=\"application\/ld+json\" class=\"yoast-schema-graph\">{\"@context\":\"https:\/\/schema.org\",\"@graph\":[{\"@type\":\"WebPage\",\"@id\":\"https:\/\/maxmaticbymetaconcept.com\/fr\/catalogue\/accessoires\/fabrication-des-moules\/\",\"url\":\"https:\/\/maxmaticbymetaconcept.com\/fr\/catalogue\/accessoires\/fabrication-des-moules\/\",\"name\":\"Fabrication de moules pour fonte \u00e0 cire perdue pour fonte \u00e0 cire perdue - Maxmatic by Metaconcept\",\"isPartOf\":{\"@id\":\"https:\/\/maxmaticbymetaconcept.com\/fr\/#website\"},\"datePublished\":\"2019-08-01T15:04:31+00:00\",\"dateModified\":\"2020-10-05T13:34:56+00:00\",\"description\":\"Fabrication de moules pour fonte \u00e0 cire perdue - Maxmatic, concepteur d'injecteurs de cire, partenaire privil\u00e9gi\u00e9 des plus grandes maisons de bijouterie en France et dans le Monde depuis plus de 10 ans.\",\"breadcrumb\":{\"@id\":\"https:\/\/maxmaticbymetaconcept.com\/fr\/catalogue\/accessoires\/fabrication-des-moules\/#breadcrumb\"},\"inLanguage\":\"fr-FR\",\"potentialAction\":[{\"@type\":\"ReadAction\",\"target\":[\"https:\/\/maxmaticbymetaconcept.com\/fr\/catalogue\/accessoires\/fabrication-des-moules\/\"]}]},{\"@type\":\"BreadcrumbList\",\"@id\":\"https:\/\/maxmaticbymetaconcept.com\/fr\/catalogue\/accessoires\/fabrication-des-moules\/#breadcrumb\",\"itemListElement\":[{\"@type\":\"ListItem\",\"position\":1,\"name\":\"Accueil\",\"item\":\"https:\/\/maxmaticbymetaconcept.com\/fr\/\"},{\"@type\":\"ListItem\",\"position\":2,\"name\":\"Catalogue\",\"item\":\"https:\/\/maxmaticbymetaconcept.com\/fr\/catalogue\/\"},{\"@type\":\"ListItem\",\"position\":3,\"name\":\"Accessoires pour la fonte \u00e0 cire perdue\",\"item\":\"https:\/\/maxmaticbymetaconcept.com\/fr\/catalogue\/accessoires\/\"},{\"@type\":\"ListItem\",\"position\":4,\"name\":\"Fabrication de moules pour fonte \u00e0 cire perdue\"}]},{\"@type\":\"WebSite\",\"@id\":\"https:\/\/maxmaticbymetaconcept.com\/fr\/#website\",\"url\":\"https:\/\/maxmaticbymetaconcept.com\/fr\/\",\"name\":\"Maxmatic by Metaconcept\",\"description\":\"Concepteur d\u2019automates et d\u2019injecteurs de cire\",\"publisher\":{\"@id\":\"https:\/\/maxmaticbymetaconcept.com\/fr\/#organization\"},\"potentialAction\":[{\"@type\":\"SearchAction\",\"target\":{\"@type\":\"EntryPoint\",\"urlTemplate\":\"https:\/\/maxmaticbymetaconcept.com\/fr\/?s={search_term_string}\"},\"query-input\":\"required name=search_term_string\"}],\"inLanguage\":\"fr-FR\"},{\"@type\":\"Organization\",\"@id\":\"https:\/\/maxmaticbymetaconcept.com\/fr\/#organization\",\"name\":\"Maxmatic\",\"url\":\"https:\/\/maxmaticbymetaconcept.com\/fr\/\",\"sameAs\":[],\"logo\":{\"@type\":\"ImageObject\",\"inLanguage\":\"fr-FR\",\"@id\":\"https:\/\/maxmaticbymetaconcept.com\/fr\/#\/schema\/logo\/image\/\",\"url\":\"https:\/\/maxmaticbymetaconcept.com\/wp-content\/uploads\/2019\/12\/logo_61f27bd46ca7aded325892a414f5bc2f_1x.png\",\"contentUrl\":\"https:\/\/maxmaticbymetaconcept.com\/wp-content\/uploads\/2019\/12\/logo_61f27bd46ca7aded325892a414f5bc2f_1x.png\",\"width\":132,\"height\":25,\"caption\":\"Maxmatic\"},\"image\":{\"@id\":\"https:\/\/maxmaticbymetaconcept.com\/fr\/#\/schema\/logo\/image\/\"}}]}<\/script>\n<!-- \/ Yoast SEO plugin. -->","yoast_head_json":{"title":"Fabrication de moules pour fonte \u00e0 cire perdue pour fonte \u00e0 cire perdue - Maxmatic by Metaconcept","description":"Fabrication de moules pour fonte \u00e0 cire perdue - Maxmatic, concepteur d'injecteurs de cire, partenaire privil\u00e9gi\u00e9 des plus grandes maisons de bijouterie en France et dans le Monde depuis plus de 10 ans.","robots":{"index":"index","follow":"follow","max-snippet":"max-snippet:-1","max-image-preview":"max-image-preview:large","max-video-preview":"max-video-preview:-1"},"canonical":"https:\/\/maxmaticbymetaconcept.com\/fr\/catalogue\/accessoires\/fabrication-des-moules\/","og_locale":"fr_FR","og_type":"article","og_title":"Fabrication de moules pour fonte \u00e0 cire perdue pour fonte \u00e0 cire perdue - Maxmatic by Metaconcept","og_description":"Fabrication de moules pour fonte \u00e0 cire perdue - Maxmatic, concepteur d'injecteurs de cire, partenaire privil\u00e9gi\u00e9 des plus grandes maisons de bijouterie en France et dans le Monde depuis plus de 10 ans.","og_url":"https:\/\/maxmaticbymetaconcept.com\/fr\/catalogue\/accessoires\/fabrication-des-moules\/","og_site_name":"Maxmatic by Metaconcept","article_modified_time":"2020-10-05T13:34:56+00:00","twitter_card":"summary_large_image","twitter_misc":{"Dur\u00e9e de lecture estim\u00e9e":"5 minutes"},"schema":{"@context":"https:\/\/schema.org","@graph":[{"@type":"WebPage","@id":"https:\/\/maxmaticbymetaconcept.com\/fr\/catalogue\/accessoires\/fabrication-des-moules\/","url":"https:\/\/maxmaticbymetaconcept.com\/fr\/catalogue\/accessoires\/fabrication-des-moules\/","name":"Fabrication de moules pour fonte \u00e0 cire perdue pour fonte \u00e0 cire perdue - Maxmatic by Metaconcept","isPartOf":{"@id":"https:\/\/maxmaticbymetaconcept.com\/fr\/#website"},"datePublished":"2019-08-01T15:04:31+00:00","dateModified":"2020-10-05T13:34:56+00:00","description":"Fabrication de moules pour fonte \u00e0 cire perdue - Maxmatic, concepteur d'injecteurs de cire, partenaire privil\u00e9gi\u00e9 des plus grandes maisons de bijouterie en France et dans le Monde depuis plus de 10 ans.","breadcrumb":{"@id":"https:\/\/maxmaticbymetaconcept.com\/fr\/catalogue\/accessoires\/fabrication-des-moules\/#breadcrumb"},"inLanguage":"fr-FR","potentialAction":[{"@type":"ReadAction","target":["https:\/\/maxmaticbymetaconcept.com\/fr\/catalogue\/accessoires\/fabrication-des-moules\/"]}]},{"@type":"BreadcrumbList","@id":"https:\/\/maxmaticbymetaconcept.com\/fr\/catalogue\/accessoires\/fabrication-des-moules\/#breadcrumb","itemListElement":[{"@type":"ListItem","position":1,"name":"Accueil","item":"https:\/\/maxmaticbymetaconcept.com\/fr\/"},{"@type":"ListItem","position":2,"name":"Catalogue","item":"https:\/\/maxmaticbymetaconcept.com\/fr\/catalogue\/"},{"@type":"ListItem","position":3,"name":"Accessoires pour la fonte \u00e0 cire perdue","item":"https:\/\/maxmaticbymetaconcept.com\/fr\/catalogue\/accessoires\/"},{"@type":"ListItem","position":4,"name":"Fabrication de moules pour fonte \u00e0 cire perdue"}]},{"@type":"WebSite","@id":"https:\/\/maxmaticbymetaconcept.com\/fr\/#website","url":"https:\/\/maxmaticbymetaconcept.com\/fr\/","name":"Maxmatic by Metaconcept","description":"Concepteur d\u2019automates et d\u2019injecteurs de cire","publisher":{"@id":"https:\/\/maxmaticbymetaconcept.com\/fr\/#organization"},"potentialAction":[{"@type":"SearchAction","target":{"@type":"EntryPoint","urlTemplate":"https:\/\/maxmaticbymetaconcept.com\/fr\/?s={search_term_string}"},"query-input":"required name=search_term_string"}],"inLanguage":"fr-FR"},{"@type":"Organization","@id":"https:\/\/maxmaticbymetaconcept.com\/fr\/#organization","name":"Maxmatic","url":"https:\/\/maxmaticbymetaconcept.com\/fr\/","sameAs":[],"logo":{"@type":"ImageObject","inLanguage":"fr-FR","@id":"https:\/\/maxmaticbymetaconcept.com\/fr\/#\/schema\/logo\/image\/","url":"https:\/\/maxmaticbymetaconcept.com\/wp-content\/uploads\/2019\/12\/logo_61f27bd46ca7aded325892a414f5bc2f_1x.png","contentUrl":"https:\/\/maxmaticbymetaconcept.com\/wp-content\/uploads\/2019\/12\/logo_61f27bd46ca7aded325892a414f5bc2f_1x.png","width":132,"height":25,"caption":"Maxmatic"},"image":{"@id":"https:\/\/maxmaticbymetaconcept.com\/fr\/#\/schema\/logo\/image\/"}}]}},"_links":{"self":[{"href":"https:\/\/maxmaticbymetaconcept.com\/fr\/wp-json\/wp\/v2\/pages\/30755"}],"collection":[{"href":"https:\/\/maxmaticbymetaconcept.com\/fr\/wp-json\/wp\/v2\/pages"}],"about":[{"href":"https:\/\/maxmaticbymetaconcept.com\/fr\/wp-json\/wp\/v2\/types\/page"}],"author":[{"embeddable":true,"href":"https:\/\/maxmaticbymetaconcept.com\/fr\/wp-json\/wp\/v2\/users\/3"}],"replies":[{"embeddable":true,"href":"https:\/\/maxmaticbymetaconcept.com\/fr\/wp-json\/wp\/v2\/comments?post=30755"}],"version-history":[{"count":37,"href":"https:\/\/maxmaticbymetaconcept.com\/fr\/wp-json\/wp\/v2\/pages\/30755\/revisions"}],"predecessor-version":[{"id":32058,"href":"https:\/\/maxmaticbymetaconcept.com\/fr\/wp-json\/wp\/v2\/pages\/30755\/revisions\/32058"}],"up":[{"embeddable":true,"href":"https:\/\/maxmaticbymetaconcept.com\/fr\/wp-json\/wp\/v2\/pages\/30553"}],"wp:attachment":[{"href":"https:\/\/maxmaticbymetaconcept.com\/fr\/wp-json\/wp\/v2\/media?parent=30755"}],"curies":[{"name":"wp","href":"https:\/\/api.w.org\/{rel}","templated":true}]}}