{"id":30783,"date":"2019-08-01T18:16:29","date_gmt":"2019-08-01T16:16:29","guid":{"rendered":"https:\/\/maxmaticbymetaconcept.com\/?page_id=30783"},"modified":"2023-07-03T12:26:14","modified_gmt":"2023-07-03T10:26:14","slug":"silicones","status":"publish","type":"page","link":"https:\/\/maxmaticbymetaconcept.com\/fr\/catalogue\/consommables\/silicones\/","title":{"rendered":"Silicones pour le moulage de fonte \u00e0 cire perdue"},"content":{"rendered":"<div class=\"wpb-content-wrapper\"><p>[vc_row el_id=\u00a0\u00bbsupport\u00a0\u00bb][vc_column]<div class=\"clearboth\"><\/div><style>#thegem-divider-69eb921f9a765 {margin-top: 30px !important;}<\/style><div id=\"thegem-divider-69eb921f9a765\" class=\"gem-divider  \" style=\"\"><\/div>[vc_column_text]<\/p>\n<h2>D\u00e9couvrez notre gamme de silicones.<\/h2>\n<p>[\/vc_column_text][vc_column_text]<\/p>\n<h2>Selon le type de moule souhait\u00e9, plusieurs types de silicones sont disponibles pour une fabrication \u00ab \u00e0 froid \u00bb ou \u00ab \u00e0 vulcaniser \u00bb.<\/h2>\n<p>[\/vc_column_text]<div class=\"clearboth\"><\/div><style>#thegem-divider-69eb921f9a7ac {margin-top: 30px !important;}<\/style><div id=\"thegem-divider-69eb921f9a7ac\" class=\"gem-divider  \" style=\"\"><\/div>[vc_tta_tour shape=\u00a0\u00bbsquare\u00a0\u00bb spacing=\u00a0\u00bb\u00a0\u00bb controls_size=\u00a0\u00bbsm\u00a0\u00bb active_section=\u00a0\u00bb1&Prime;][vc_tta_section title=\u00a0\u00bbSILICONE LIQUIDE RTV\u00a0\u00bb tab_id=\u00a0\u00bb1564673966147-211ef44b-35a1856e-079f\u00a0\u00bb][vc_row_inner][vc_column_inner width=\u00a0\u00bb1\/2&Prime;][vc_single_image image=\u00a0\u00bb31037&Prime; img_size=\u00a0\u00bblarge\u00a0\u00bb onclick=\u00a0\u00bblink_image\u00a0\u00bb][\/vc_column_inner][vc_column_inner width=\u00a0\u00bb1\/2&Prime;][vc_empty_space][vc_column_text]<\/p>\n<h2>GENERALITES<\/h2>\n<p>Le silicone liquide MAXMATIC est un \u00e9lastom\u00e8re translucide avec une duret\u00e9 de 45 shores avec une prise rapide en 60 minutes. Contenant un agent de base (A) et un agent de polym\u00e9risation (B) \u00e0 50% pour chaque, il vous permettra de r\u00e9aliser des moules<br \/>\ntransparents rapidement \u00e0 temp\u00e9rature ambiante de toutes les tailles.[\/vc_column_text]<div class=\"gem-button-container gem-button-position-center thegem-button-69eb921f9a83c3835\"  ><a class=\"gem-button gem-button-size-medium gem-button-style-flat gem-button-text-weight-normal gem-button-icon-position-left\" data-ll-effect=\"drop-right-without-wrap\" style=\"border-radius: 3px;\" onmouseleave=\"\" onmouseenter=\"\" href=\"https:\/\/maxmaticbymetaconcept.com\/demande-de-devis\/\" target=\"_blank\"><i class=\"gem-print-icon gem-icon-pack-material \">&#xf473;<\/i>DEMANDER UN DEVIS<\/a><\/div> [\/vc_column_inner][\/vc_row_inner]<div class=\"gem-table  gem-table-style-1\"><h2>CARACTERISTIQUES<\/h2>\n<p>&nbsp;<\/p>\n<table style=\"width: 100%;\">\n<thead><\/thead>\n<tbody>\n<tr>\n<td><strong>Aspect<\/strong><\/td>\n<td>Translucide (A et B)<\/td>\n<\/tr>\n<tr>\n<td><strong>Viscosit\u00e9<\/strong><\/td>\n<td>10,000 approx. (A et B)<\/td>\n<\/tr>\n<tr>\n<td><strong>Temps de Manipulation\u00a0\u00e0 23\u00b0C<\/strong><\/td>\n<td>10 min<\/td>\n<\/tr>\n<tr>\n<td><strong>Temps de Polym\u00e9risation \u00e0 23\u00b0C<\/strong><\/td>\n<td>60 min<\/td>\n<\/tr>\n<tr>\n<td><strong>Retrait lin\u00e9aire maximum apr\u00e8s 5 jours<\/strong><\/td>\n<td>0.02%<\/td>\n<\/tr>\n<tr>\n<td><strong>Duret\u00e9 apr\u00e8s 24h (\u00e9p. Ech. 6mm)<\/strong><\/td>\n<td>38 Sh<\/td>\n<\/tr>\n<tr>\n<td><strong>Duret\u00e9 apr\u00e8s 4 jours (\u00e9p. Ech. 6mm)<\/strong><\/td>\n<td>45 Sh<\/td>\n<\/tr>\n<tr>\n<td><strong>R\u00e9sistance \u00e0 la d\u00e9chirure<\/strong><\/td>\n<td>20 Kn\/M<\/td>\n<\/tr>\n<tr>\n<td><strong>R\u00e9sistance \u00e0 la traction<\/strong><\/td>\n<td>3 Mpa<\/td>\n<\/tr>\n<tr>\n<td><strong>\u00c9longation maximum<\/strong><\/td>\n<td>600%<\/td>\n<\/tr>\n<\/tbody>\n<\/table>\n<\/div>[vc_single_image image=\u00a0\u00bb32389&Prime; img_size=\u00a0\u00bblarge\u00a0\u00bb onclick=\u00a0\u00bblink_image\u00a0\u00bb][vc_column_text]<\/p>\n<h2>AVANTAGES<\/h2>\n<ul>\n<li>Rapidit\u00e9.<\/li>\n<li>Peu\/pas de retrait.<\/li>\n<li>Pr\u00e9cision de d\u00e9finition.<\/li>\n<li>Dur\u00e9e de vie du moule.<\/li>\n<\/ul>\n<p>[\/vc_column_text][vc_column_text]<\/p>\n<h2>APPLICATION<\/h2>\n<p><strong>REALISATION DE MOULES EN SILICONE (ELASTOMERE)<\/strong><\/p>\n<p>La maquette sera pourvue d\u2019un jet de fonte et d\u2019un c\u00f4ne d\u2019injection.\u00a0 Elle sera fix\u00e9e au cadre gr\u00e2ce au c\u00f4ne d\u2019injection. Le moulage peut se faire dans un cadre en aluminium avec 2 faces en polycarbonate et ouvert \u00e0 son extr\u00e9mit\u00e9 sup\u00e9rieure.<\/p>\n<p><strong>ACCESSOIRES\u00a0<\/strong><\/p>\n<p>Veillez \u00e0 la propret\u00e9 parfaite des \u00e9l\u00e9ments<\/p>\n<ul>\n<li>Une balance.<\/li>\n<li>Un grand r\u00e9cipient de m\u00e9lange.<\/li>\n<li>Une spatule ou un \u00e9quipement pour mixer.<\/li>\n<li>Une cloche sous-vide.<\/li>\n<li>Un cadre.<\/li>\n<li>Une maquette.<\/li>\n<\/ul>\n<p><strong>PREPARATION DE L\u2019ELASTOMERE\u00a0<\/strong><\/p>\n<ul>\n<li>Calculer le volume du moule et d\u00e9terminer la quantit\u00e9 n\u00e9cessaire de silicone (densit\u00e9 de 1.10 \u00e0 1.20).<\/li>\n<li>Dans un r\u00e9cipient plastique souple, m\u00e9langer la r\u00e9sine de base et le catalyseur dans les proportions indiqu\u00e9es par le fabricant. Le m\u00e9lange peut s\u2019effectuer \u00e0 la main avec une spatule ou dans un m\u00e9langeur m\u00e9canique.<\/li>\n<li>D\u00e9gazer le m\u00e9lange sous une cloche \u00e0 vide. Sous l\u2019action du vide, une expansion se produit et peut atteindre 5 \u00e0 6 fois le volume (pr\u00e9voir un r\u00e9cipient suffisamment grand). Une fois le point culminant atteint dans l\u2019expansion, le mat\u00e9riau retrouve son volume initial. Il suffit alors de maintenir le vide 1 minute.<\/li>\n<li>Verser le m\u00e9lange dans le cadre en prenant soin de bien couvrir la maquette.<\/li>\n<li>Apr\u00e8s le remplissage, proc\u00e9der \u00e0 un deuxi\u00e8me d\u00e9gazage, maintenir le vide pendant 2 \u00e0 3 minutes. Le temps de cycle ne doit pas d\u00e9passer 6 minutes.<\/li>\n<\/ul>\n<p>Le durcissement (polym\u00e9risation) est obtenu entre 60 et 90 minutes \u00e0 la temp\u00e9rature ambiante. Le retrait est d\u2019environ 0.02%.<\/p>\n<p>Le temps de durcissement peut \u00eatre raccourci \u00e0 chaud.<\/p>\n<h2>Silicone liquide pour moulage (translucide, palettes de couleurs&#8230;)<\/h2>\n<p>Faites appel \u00e0 maxmatic by metaconcept pour vous fournir en <strong>silicone liquide pour moulage<\/strong>. Nos produits sont de haute qualit\u00e9, con\u00e7us pour diverses applications industrielles.<\/p>\n<h2>Qu&rsquo;est-ce que le silicone liquide pour moulage?<\/h2>\n<p>Le silicone liquide, qui s\u2019appelle \u00e9galement caoutchouc de silicone liquide, d\u00e9signe un polym\u00e8re de silicium constitu\u00e9 de silicium, d\u2019hydrog\u00e8ne, d\u2019oxyg\u00e8ne et de carbone. Il est largement utilis\u00e9 pour la fabrication de divers moules pour divers produits industriels. Compar\u00e9 aux autres mat\u00e9riaux de moulage, le <strong>silicone liquide pour moulage<\/strong> a l\u2019atout d\u2019\u00eatre <strong>flexible, visqueux, polyvalent, r\u00e9sistant et plus accessible en termes de co\u00fbts.<\/strong> Maxmatic by Metaconcept est l\u2019un des plus importants fournisseurs de silicone liquide pour le moulage.<\/p>\n<h2>Avantages du silicone liquide pour le moulage<\/h2>\n<p>Le silicone liquide pr\u00e9sente tout un lot d\u2019avantages pour la r\u00e9alisation des moules industrielles ou artisanales. En effet, cette mati\u00e8re est <strong>conforme aux normes d\u2019usage alimentaire<\/strong> et est biocompatible. Ainsi, il est largement utilis\u00e9 dans les industries agroalimentaires pour la fabrication des moules aux formes originales.<\/p>\n<p>Le silicone liquide est \u00e9galement choisi pour sa r\u00e9sistance aux intemp\u00e9ries, aux changements de temp\u00e9ratures et au vieillissement. Il r\u00e9siste \u00e0 des temp\u00e9ratures allant de -100\u00b0C \u00e0 +300\u00b0C. Il s\u2019agit \u00e9galement d\u2019une mati\u00e8re solide et durable. Les moules en silicone liquide sont <strong>r\u00e9utilisables plusieurs fois<\/strong>. Pour des usages en industrie pharmaceutique, agroalimentaire ou chimique, les pi\u00e8ces moul\u00e9es en silicone liquide peuvent \u00eatre st\u00e9rilis\u00e9es \u00e0 la vapeur. Elles sont \u00e9galement inflammables.<\/p>\n<h2>Les applications du silicone liquide pour moulage avec Maxmatic by Metaconcept<\/h2>\n<p>Gr\u00e2ce \u00e0 ses nombreuses caract\u00e9ristiques, le silicone liquide pour <strong>moulage de Maxmatic by Metaconcept <\/strong>s\u2019utilise dans diverses applications. Vous pouvez vous en servir pour le prototypage. Vous souhaitez lancer un nouveau produit ? Le fait de <strong>r\u00e9aliser un prototype en silicone liquide<\/strong> vous permet de relever pr\u00e9alablement les avis des clients potentiels avant la fabrication en grande quantit\u00e9. Le silicone liquide s\u2019utilise aussi pour la fabrication de diverses pi\u00e8ces aux formes simples ou complexes : housses de protection, capuchons, capuchons LED, tapis de fixation, etc.<\/p>\n<p>Obtenez plus d\u2019infos sur notre silicone liquide pour le moulage en contactant nos experts.<\/p>\n<p style=\"text-align: center;\"><span style=\"color: #b01c1c;\"><strong>LORSQUE LA TEMPERATURE AMBIANTE EST TRES ELEVEE : METTRE LE PRODUIT AU REFRIGERATEUR.<\/strong><\/span><\/p>\n<p>[\/vc_column_text][\/vc_tta_section][vc_tta_section title=\u00a0\u00bbSILICONE \u00c0 VULCANISER\u00a0\u00bb tab_id=\u00a0\u00bb1573580130556-f418951f-3f75&Prime;][vc_row_inner][vc_column_inner width=\u00a0\u00bb1\/2&Prime;][vc_single_image image=\u00a0\u00bb32001&Prime; img_size=\u00a0\u00bbmedium\u00a0\u00bb][vc_single_image image=\u00a0\u00bb31697&Prime; img_size=\u00a0\u00bbmedium\u00a0\u00bb][\/vc_column_inner][vc_column_inner width=\u00a0\u00bb1\/2&Prime;][vc_column_text]<\/p>\n<h2>GENERALITES<\/h2>\n<p>Le Groupe METACONCEPT propose une large gamme de mat\u00e9riels, accessoires et<br \/>\nconsommables destin\u00e9e au m\u00e9tier de la fonte \u00e0 cire perdue. Depuis plus de 10 ans pour sa gamme de silicones, METACONCEPT a choisi de travailler avec le leader mondial NICEM.[\/vc_column_text]<div class=\"gem-button-container gem-button-position-center thegem-button-69eb921f9a96e9224\"  ><a class=\"gem-button gem-button-size-medium gem-button-style-flat gem-button-text-weight-normal gem-button-icon-position-left\" data-ll-effect=\"drop-right-without-wrap\" style=\"border-radius: 3px;\" onmouseleave=\"\" onmouseenter=\"\" href=\"https:\/\/maxmaticbymetaconcept.com\/demande-de-devis\/\" target=\"_blank\"><i class=\"gem-print-icon gem-icon-pack-material \">&#xf473;<\/i>DEMANDER UN DEVIS<\/a><\/div> [\/vc_column_inner][\/vc_row_inner][vc_column_text]<\/p>\n<h2>CARACTERISTIQUES<\/h2>\n<p><strong>Silicones \u00e0 vulcaniser<\/strong>[\/vc_column_text][vc_single_image image=\u00a0\u00bb32380&Prime; img_size=\u00a0\u00bblarge\u00a0\u00bb][vc_column_text]<\/p>\n<h2>PARTICULARITES<\/h2>\n<p><strong>Masters<\/strong><\/p>\n<p>Nos silicones permettent l\u2019utilisation de tous types de masters : acier, laiton, issus<br \/>\nd\u2019impression 3D, etc. Notre release agent J (r\u00e9f.\u00a0: NI991570) am\u00e9liore la prise<br \/>\nd\u2019empreinte sur le silicone.<\/p>\n<p><strong>Talcs<\/strong><\/p>\n<p>Dans le cas de fabrication de moules \u00e0 l\u2019arrach\u00e9, nous commercialisons un talc<br \/>\nmicro-grain 2-3 microns sp\u00e9cifique (r\u00e9f.\u00a0: NI99039A) sans r\u00e9sidu et sans effet sur la<br \/>\nsurface de la pi\u00e8ce.[\/vc_column_text][vc_column_text]<\/p>\n<h2>avantages<\/h2>\n<ul>\n<li>Qualit\u00e9.<\/li>\n<li>Tra\u00e7abilit\u00e9.<\/li>\n<li>Homog\u00e9n\u00e9it\u00e9.<\/li>\n<li>Disponibilit\u00e9.<\/li>\n<\/ul>\n<p align=\"justify\">Pour une vulcanisation optimum \u00e0 85\/90\u00b0C des silicones NICEM, respecter un temps de 2\/3 minutes par millim\u00e8tre. Exemple : pour un moule d\u2019une \u00e9paisseur de 2&#215;15\u00a0mm=30mm \u00e0 multiplier par 2, soit 60 minutes. Ce temps d\u00e9marre lorsque la bo\u00eete \u00e0 moule (cadre) est \u00e0 la temp\u00e9rature de vulcanisation, compter 35 \u00e0 40 minutes selon le vulcanisateur. Valider l\u2019homog\u00e9n\u00e9it\u00e9 et la coh\u00e9rence des temp\u00e9ratures des plaques de chauffe du vulcanisateur.<\/p>\n<p>[\/vc_column_text][\/vc_tta_section][\/vc_tta_tour]<div class=\"clearboth\"><\/div><style>#thegem-divider-69eb921f9a996 {margin-top: 30px !important;}<\/style><div id=\"thegem-divider-69eb921f9a996\" class=\"gem-divider  \" style=\"\"><\/div>[\/vc_column][\/vc_row][vc_row full_width=\u00a0\u00bbstretch_row\u00a0\u00bb css=\u00a0\u00bb.vc_custom_1564596195755{background-position: center !important;background-repeat: no-repeat !important;background-size: cover !important;}\u00a0\u00bb][vc_column el_class=\u00a0\u00bb.custom-qf\u00a0\u00bb]<div class=\"clearboth\"><\/div><style>#thegem-divider-69eb921f9a9ad {margin-top: 30px !important;}<\/style><div id=\"thegem-divider-69eb921f9a9ad\" class=\"gem-divider  \" style=\"\"><\/div>[vc_column_text css_animation=\u00a0\u00bbtop-to-bottom\u00a0\u00bb]<\/p>\n<h2 style=\"text-align: left;\">AUTRES produits<\/h2>\n<p>[\/vc_column_text]<div class=\"clearboth\"><\/div><style>#thegem-divider-69eb921f9a9bd {margin-top: 50px !important;}<\/style><div id=\"thegem-divider-69eb921f9a9bd\" class=\"gem-divider  \" style=\"\"><\/div>[vc_row_inner][vc_column_inner width=\u00a0\u00bb1\/4&Prime;][vc_hoverbox image=\u00a0\u00bb30995&Prime; primary_title=\u00a0\u00bb\u00a0\u00bb hover_title=\u00a0\u00bbCADRES\u00a0\u00bb hover_title_font_container=\u00a0\u00bbcolor:%23ffffff\u00a0\u00bb hover_title_use_theme_fonts=\u00a0\u00bbyes\u00a0\u00bb shape=\u00a0\u00bbsquare\u00a0\u00bb hover_background_color=\u00a0\u00bbcustom\u00a0\u00bb hover_btn_title=\u00a0\u00bbVoir le produit\u00a0\u00bb hover_btn_style=\u00a0\u00bbcustom\u00a0\u00bb hover_btn_custom_background=\u00a0\u00bb#2b2b2b\u00a0\u00bb hover_btn_custom_text=\u00a0\u00bb#ffffff\u00a0\u00bb hover_btn_shape=\u00a0\u00bbsquare\u00a0\u00bb hover_btn_i_icon_fontawesome=\u00a0\u00bbfa fa-search-plus\u00a0\u00bb hover_btn_css_animation=\u00a0\u00bbnone\u00a0\u00bb css_animation=\u00a0\u00bbfadeInDown\u00a0\u00bb use_custom_fonts_hover_title=\u00a0\u00bbtrue\u00a0\u00bb hover_add_button=\u00a0\u00bbtrue\u00a0\u00bb hover_btn_add_icon=\u00a0\u00bbtrue\u00a0\u00bb hover_btn_link=\u00a0\u00bburl:https%3A%2F%2Fmaxmaticbymetaconcept.com%2Fcatalogue%2Faccessoires%2Ffabrication-des-moules%2F|title:Fabrication%20des%20moules||\u00a0\u00bb hover_custom_background=\u00a0\u00bb#ae0015&Prime; hover_title_link=\u00a0\u00bburl:https%3A%2F%2Fmaxmaticbymetaconcept.com%2Fcatalogue%2Faccessoires%2Ffabrication-des-moules%2F|title:Fabrication%20des%20moules||\u00a0\u00bb][\/vc_hoverbox][\/vc_column_inner][vc_column_inner width=\u00a0\u00bb1\/4&Prime;][vc_hoverbox image=\u00a0\u00bb31428&Prime; primary_title=\u00a0\u00bb\u00a0\u00bb hover_title=\u00a0\u00bbEMBOUTS ACIER A BRULER\u00a0\u00bb hover_title_font_container=\u00a0\u00bbcolor:%23ffffff\u00a0\u00bb hover_title_use_theme_fonts=\u00a0\u00bbyes\u00a0\u00bb shape=\u00a0\u00bbsquare\u00a0\u00bb hover_background_color=\u00a0\u00bbcustom\u00a0\u00bb hover_btn_title=\u00a0\u00bbVoir le produit\u00a0\u00bb hover_btn_style=\u00a0\u00bbcustom\u00a0\u00bb hover_btn_custom_background=\u00a0\u00bb#2b2b2b\u00a0\u00bb hover_btn_custom_text=\u00a0\u00bb#ffffff\u00a0\u00bb hover_btn_shape=\u00a0\u00bbsquare\u00a0\u00bb hover_btn_i_icon_fontawesome=\u00a0\u00bbfa fa-search-plus\u00a0\u00bb hover_btn_css_animation=\u00a0\u00bbnone\u00a0\u00bb css_animation=\u00a0\u00bbfadeInDown\u00a0\u00bb use_custom_fonts_hover_title=\u00a0\u00bbtrue\u00a0\u00bb hover_add_button=\u00a0\u00bbtrue\u00a0\u00bb hover_btn_add_icon=\u00a0\u00bbtrue\u00a0\u00bb hover_btn_link=\u00a0\u00bburl:https%3A%2F%2Fmaxmaticbymetaconcept.com%2Fcatalogue%2Faccessoires%2Ffabrication-des-moules%2F|title:Fabrication%20des%20moules||\u00a0\u00bb hover_custom_background=\u00a0\u00bb#ae0015&Prime; hover_title_link=\u00a0\u00bburl:https%3A%2F%2Fmaxmaticbymetaconcept.com%2Fcatalogue%2Faccessoires%2Ffabrication-des-moules%2F|title:Fabrication%20des%20moules||\u00a0\u00bb][\/vc_hoverbox][\/vc_column_inner][vc_column_inner width=\u00a0\u00bb1\/4&Prime;][\/vc_column_inner][vc_column_inner width=\u00a0\u00bb1\/4&Prime;][\/vc_column_inner][\/vc_row_inner]<div class=\"clearboth\"><\/div><style>#thegem-divider-69eb921f9a9cb {margin-top: 45px !important;}<\/style><div id=\"thegem-divider-69eb921f9a9cb\" class=\"gem-divider  \" style=\"\"><\/div>[\/vc_column][\/vc_row]<\/p>\n<\/div>","protected":false},"excerpt":{"rendered":"<p>[vc_row el_id=\u00a0\u00bbsupport\u00a0\u00bb][vc_column][vc_column_text] D\u00e9couvrez notre gamme de silicones. [\/vc_column_text][vc_column_text] Selon le type de moule souhait\u00e9, plusieurs types de silicones sont disponibles&#8230;<\/p>\n","protected":false},"author":3,"featured_media":0,"parent":30556,"menu_order":0,"comment_status":"closed","ping_status":"closed","template":"","meta":[],"acf":[],"yoast_head":"<!-- This site is optimized with the Yoast SEO plugin v19.6.1 - https:\/\/yoast.com\/wordpress\/plugins\/seo\/ -->\n<title>Silicone pour moule : silicone \u00e0 vulcaniser et liquide - Maxmatic by Metaconcept<\/title>\n<meta name=\"description\" content=\"Silicones pour le moulage de fonte \u00e0 cire perdue - Maxmatic, concepteur d&#039;injecteurs de cire, partenaire privil\u00e9gi\u00e9 des plus grandes maisons de bijouterie en France et dans le Monde depuis plus de 10 ans.\" \/>\n<meta name=\"robots\" content=\"index, follow, max-snippet:-1, max-image-preview:large, max-video-preview:-1\" \/>\n<link rel=\"canonical\" href=\"https:\/\/maxmaticbymetaconcept.com\/fr\/catalogue\/consommables\/silicones\/\" \/>\n<meta property=\"og:locale\" content=\"fr_FR\" \/>\n<meta property=\"og:type\" content=\"article\" \/>\n<meta property=\"og:title\" content=\"Silicone pour moule : silicone \u00e0 vulcaniser et liquide - Maxmatic by Metaconcept\" \/>\n<meta property=\"og:description\" content=\"Silicones pour le moulage de fonte \u00e0 cire perdue - Maxmatic, concepteur d&#039;injecteurs de cire, partenaire privil\u00e9gi\u00e9 des plus grandes maisons de bijouterie en France et dans le Monde depuis plus de 10 ans.\" \/>\n<meta property=\"og:url\" content=\"https:\/\/maxmaticbymetaconcept.com\/fr\/catalogue\/consommables\/silicones\/\" \/>\n<meta property=\"og:site_name\" content=\"Maxmatic by Metaconcept\" \/>\n<meta property=\"article:modified_time\" content=\"2023-07-03T10:26:14+00:00\" \/>\n<meta name=\"twitter:card\" content=\"summary_large_image\" \/>\n<meta name=\"twitter:label1\" content=\"Dur\u00e9e de lecture estim\u00e9e\" \/>\n\t<meta name=\"twitter:data1\" content=\"4 minutes\" \/>\n<script type=\"application\/ld+json\" class=\"yoast-schema-graph\">{\"@context\":\"https:\/\/schema.org\",\"@graph\":[{\"@type\":\"WebPage\",\"@id\":\"https:\/\/maxmaticbymetaconcept.com\/fr\/catalogue\/consommables\/silicones\/\",\"url\":\"https:\/\/maxmaticbymetaconcept.com\/fr\/catalogue\/consommables\/silicones\/\",\"name\":\"Silicone pour moule : silicone \u00e0 vulcaniser et liquide - Maxmatic by Metaconcept\",\"isPartOf\":{\"@id\":\"https:\/\/maxmaticbymetaconcept.com\/fr\/#website\"},\"datePublished\":\"2019-08-01T16:16:29+00:00\",\"dateModified\":\"2023-07-03T10:26:14+00:00\",\"description\":\"Silicones pour le moulage de fonte \u00e0 cire perdue - Maxmatic, concepteur d'injecteurs de cire, partenaire privil\u00e9gi\u00e9 des plus grandes maisons de bijouterie en France et dans le Monde depuis plus de 10 ans.\",\"breadcrumb\":{\"@id\":\"https:\/\/maxmaticbymetaconcept.com\/fr\/catalogue\/consommables\/silicones\/#breadcrumb\"},\"inLanguage\":\"fr-FR\",\"potentialAction\":[{\"@type\":\"ReadAction\",\"target\":[\"https:\/\/maxmaticbymetaconcept.com\/fr\/catalogue\/consommables\/silicones\/\"]}]},{\"@type\":\"BreadcrumbList\",\"@id\":\"https:\/\/maxmaticbymetaconcept.com\/fr\/catalogue\/consommables\/silicones\/#breadcrumb\",\"itemListElement\":[{\"@type\":\"ListItem\",\"position\":1,\"name\":\"Accueil\",\"item\":\"https:\/\/maxmaticbymetaconcept.com\/fr\/\"},{\"@type\":\"ListItem\",\"position\":2,\"name\":\"Catalogue\",\"item\":\"https:\/\/maxmaticbymetaconcept.com\/fr\/catalogue\/\"},{\"@type\":\"ListItem\",\"position\":3,\"name\":\"Consommables pour la fonte \u00e0 cire perdue\",\"item\":\"https:\/\/maxmaticbymetaconcept.com\/fr\/catalogue\/consommables\/\"},{\"@type\":\"ListItem\",\"position\":4,\"name\":\"Silicones pour le moulage de fonte \u00e0 cire perdue\"}]},{\"@type\":\"WebSite\",\"@id\":\"https:\/\/maxmaticbymetaconcept.com\/fr\/#website\",\"url\":\"https:\/\/maxmaticbymetaconcept.com\/fr\/\",\"name\":\"Maxmatic by Metaconcept\",\"description\":\"Concepteur d\u2019automates et d\u2019injecteurs de cire\",\"publisher\":{\"@id\":\"https:\/\/maxmaticbymetaconcept.com\/fr\/#organization\"},\"potentialAction\":[{\"@type\":\"SearchAction\",\"target\":{\"@type\":\"EntryPoint\",\"urlTemplate\":\"https:\/\/maxmaticbymetaconcept.com\/fr\/?s={search_term_string}\"},\"query-input\":\"required name=search_term_string\"}],\"inLanguage\":\"fr-FR\"},{\"@type\":\"Organization\",\"@id\":\"https:\/\/maxmaticbymetaconcept.com\/fr\/#organization\",\"name\":\"Maxmatic\",\"url\":\"https:\/\/maxmaticbymetaconcept.com\/fr\/\",\"sameAs\":[],\"logo\":{\"@type\":\"ImageObject\",\"inLanguage\":\"fr-FR\",\"@id\":\"https:\/\/maxmaticbymetaconcept.com\/fr\/#\/schema\/logo\/image\/\",\"url\":\"https:\/\/maxmaticbymetaconcept.com\/wp-content\/uploads\/2019\/12\/logo_61f27bd46ca7aded325892a414f5bc2f_1x.png\",\"contentUrl\":\"https:\/\/maxmaticbymetaconcept.com\/wp-content\/uploads\/2019\/12\/logo_61f27bd46ca7aded325892a414f5bc2f_1x.png\",\"width\":132,\"height\":25,\"caption\":\"Maxmatic\"},\"image\":{\"@id\":\"https:\/\/maxmaticbymetaconcept.com\/fr\/#\/schema\/logo\/image\/\"}}]}<\/script>\n<!-- \/ Yoast SEO plugin. -->","yoast_head_json":{"title":"Silicone pour moule : silicone \u00e0 vulcaniser et liquide - Maxmatic by Metaconcept","description":"Silicones pour le moulage de fonte \u00e0 cire perdue - Maxmatic, concepteur d'injecteurs de cire, partenaire privil\u00e9gi\u00e9 des plus grandes maisons de bijouterie en France et dans le Monde depuis plus de 10 ans.","robots":{"index":"index","follow":"follow","max-snippet":"max-snippet:-1","max-image-preview":"max-image-preview:large","max-video-preview":"max-video-preview:-1"},"canonical":"https:\/\/maxmaticbymetaconcept.com\/fr\/catalogue\/consommables\/silicones\/","og_locale":"fr_FR","og_type":"article","og_title":"Silicone pour moule : silicone \u00e0 vulcaniser et liquide - Maxmatic by Metaconcept","og_description":"Silicones pour le moulage de fonte \u00e0 cire perdue - Maxmatic, concepteur d'injecteurs de cire, partenaire privil\u00e9gi\u00e9 des plus grandes maisons de bijouterie en France et dans le Monde depuis plus de 10 ans.","og_url":"https:\/\/maxmaticbymetaconcept.com\/fr\/catalogue\/consommables\/silicones\/","og_site_name":"Maxmatic by Metaconcept","article_modified_time":"2023-07-03T10:26:14+00:00","twitter_card":"summary_large_image","twitter_misc":{"Dur\u00e9e de lecture estim\u00e9e":"4 minutes"},"schema":{"@context":"https:\/\/schema.org","@graph":[{"@type":"WebPage","@id":"https:\/\/maxmaticbymetaconcept.com\/fr\/catalogue\/consommables\/silicones\/","url":"https:\/\/maxmaticbymetaconcept.com\/fr\/catalogue\/consommables\/silicones\/","name":"Silicone pour moule : silicone \u00e0 vulcaniser et liquide - Maxmatic by Metaconcept","isPartOf":{"@id":"https:\/\/maxmaticbymetaconcept.com\/fr\/#website"},"datePublished":"2019-08-01T16:16:29+00:00","dateModified":"2023-07-03T10:26:14+00:00","description":"Silicones pour le moulage de fonte \u00e0 cire perdue - Maxmatic, concepteur d'injecteurs de cire, partenaire privil\u00e9gi\u00e9 des plus grandes maisons de bijouterie en France et dans le Monde depuis plus de 10 ans.","breadcrumb":{"@id":"https:\/\/maxmaticbymetaconcept.com\/fr\/catalogue\/consommables\/silicones\/#breadcrumb"},"inLanguage":"fr-FR","potentialAction":[{"@type":"ReadAction","target":["https:\/\/maxmaticbymetaconcept.com\/fr\/catalogue\/consommables\/silicones\/"]}]},{"@type":"BreadcrumbList","@id":"https:\/\/maxmaticbymetaconcept.com\/fr\/catalogue\/consommables\/silicones\/#breadcrumb","itemListElement":[{"@type":"ListItem","position":1,"name":"Accueil","item":"https:\/\/maxmaticbymetaconcept.com\/fr\/"},{"@type":"ListItem","position":2,"name":"Catalogue","item":"https:\/\/maxmaticbymetaconcept.com\/fr\/catalogue\/"},{"@type":"ListItem","position":3,"name":"Consommables pour la fonte \u00e0 cire perdue","item":"https:\/\/maxmaticbymetaconcept.com\/fr\/catalogue\/consommables\/"},{"@type":"ListItem","position":4,"name":"Silicones pour le moulage de fonte \u00e0 cire perdue"}]},{"@type":"WebSite","@id":"https:\/\/maxmaticbymetaconcept.com\/fr\/#website","url":"https:\/\/maxmaticbymetaconcept.com\/fr\/","name":"Maxmatic by Metaconcept","description":"Concepteur d\u2019automates et d\u2019injecteurs de cire","publisher":{"@id":"https:\/\/maxmaticbymetaconcept.com\/fr\/#organization"},"potentialAction":[{"@type":"SearchAction","target":{"@type":"EntryPoint","urlTemplate":"https:\/\/maxmaticbymetaconcept.com\/fr\/?s={search_term_string}"},"query-input":"required name=search_term_string"}],"inLanguage":"fr-FR"},{"@type":"Organization","@id":"https:\/\/maxmaticbymetaconcept.com\/fr\/#organization","name":"Maxmatic","url":"https:\/\/maxmaticbymetaconcept.com\/fr\/","sameAs":[],"logo":{"@type":"ImageObject","inLanguage":"fr-FR","@id":"https:\/\/maxmaticbymetaconcept.com\/fr\/#\/schema\/logo\/image\/","url":"https:\/\/maxmaticbymetaconcept.com\/wp-content\/uploads\/2019\/12\/logo_61f27bd46ca7aded325892a414f5bc2f_1x.png","contentUrl":"https:\/\/maxmaticbymetaconcept.com\/wp-content\/uploads\/2019\/12\/logo_61f27bd46ca7aded325892a414f5bc2f_1x.png","width":132,"height":25,"caption":"Maxmatic"},"image":{"@id":"https:\/\/maxmaticbymetaconcept.com\/fr\/#\/schema\/logo\/image\/"}}]}},"_links":{"self":[{"href":"https:\/\/maxmaticbymetaconcept.com\/fr\/wp-json\/wp\/v2\/pages\/30783"}],"collection":[{"href":"https:\/\/maxmaticbymetaconcept.com\/fr\/wp-json\/wp\/v2\/pages"}],"about":[{"href":"https:\/\/maxmaticbymetaconcept.com\/fr\/wp-json\/wp\/v2\/types\/page"}],"author":[{"embeddable":true,"href":"https:\/\/maxmaticbymetaconcept.com\/fr\/wp-json\/wp\/v2\/users\/3"}],"replies":[{"embeddable":true,"href":"https:\/\/maxmaticbymetaconcept.com\/fr\/wp-json\/wp\/v2\/comments?post=30783"}],"version-history":[{"count":57,"href":"https:\/\/maxmaticbymetaconcept.com\/fr\/wp-json\/wp\/v2\/pages\/30783\/revisions"}],"predecessor-version":[{"id":32643,"href":"https:\/\/maxmaticbymetaconcept.com\/fr\/wp-json\/wp\/v2\/pages\/30783\/revisions\/32643"}],"up":[{"embeddable":true,"href":"https:\/\/maxmaticbymetaconcept.com\/fr\/wp-json\/wp\/v2\/pages\/30556"}],"wp:attachment":[{"href":"https:\/\/maxmaticbymetaconcept.com\/fr\/wp-json\/wp\/v2\/media?parent=30783"}],"curies":[{"name":"wp","href":"https:\/\/api.w.org\/{rel}","templated":true}]}}