{"id":30786,"date":"2019-08-01T18:16:58","date_gmt":"2019-08-01T16:16:58","guid":{"rendered":"https:\/\/maxmaticbymetaconcept.com\/?page_id=30786"},"modified":"2021-05-20T11:22:34","modified_gmt":"2021-05-20T09:22:34","slug":"alliages","status":"publish","type":"page","link":"https:\/\/maxmaticbymetaconcept.com\/fr\/catalogue\/consommables\/alliages\/","title":{"rendered":"Alliages bronze et laiton"},"content":{"rendered":"<div class=\"wpb-content-wrapper\"><p>[vc_row][vc_column]<div class=\"clearboth\"><\/div><style>#thegem-divider-69ebb48d35b99 {margin-top: 30px !important;}<\/style><div id=\"thegem-divider-69ebb48d35b99\" class=\"gem-divider  \" style=\"\"><\/div>[vc_column_text]<\/p>\n<h2>Les alliages de bronze et de laiton propos\u00e9s par MAXMATIC sont utiles dans de multiples applications dans l\u2019industrie, l\u2019horlogerie ou encore plus sp\u00e9cifiquement dans la bijouterie fantaisie.<\/h2>\n<h4>Ils r\u00e9pondront \u00e0 vos attentes en terme de qualit\u00e9 techniques tant dans le process de coul\u00e9e, que dans la r\u00e9sistance \u00e0 l\u2019usure et \u00e0 la corrosion.<\/h4>\n<p>[\/vc_column_text]<div class=\"clearboth\"><\/div><style>#thegem-divider-69ebb48d35bd0 {margin-top: 30px !important;}<\/style><div id=\"thegem-divider-69ebb48d35bd0\" class=\"gem-divider  \" style=\"\"><\/div>[vc_tta_tour shape=\u00a0\u00bbsquare\u00a0\u00bb spacing=\u00a0\u00bb\u00a0\u00bb controls_size=\u00a0\u00bbsm\u00a0\u00bb active_section=\u00a0\u00bb1&Prime;][vc_tta_section title=\u00a0\u00bbbronze\u00a0\u00bb tab_id=\u00a0\u00bb1564668741375-d2eaa7b9-1eadb186-02f7&Prime;][vc_row_inner][vc_column_inner width=\u00a0\u00bb1\/2&Prime;][vc_single_image image=\u00a0\u00bb31260&Prime; img_size=\u00a0\u00bblarge\u00a0\u00bb alignment=\u00a0\u00bbcenter\u00a0\u00bb onclick=\u00a0\u00bblink_image\u00a0\u00bb]<div class=\"gem-button-container gem-button-position-center thegem-button-69ebb48d35c522753\"  ><a class=\"gem-button gem-button-size-medium gem-button-style-flat gem-button-text-weight-normal gem-button-icon-position-left\" data-ll-effect=\"drop-right-without-wrap\" style=\"border-radius: 3px;\" onmouseleave=\"\" onmouseenter=\"\" href=\"https:\/\/maxmaticbymetaconcept.com\/demande-de-devis\/\" target=\"_blank\"><i class=\"gem-print-icon gem-icon-pack-material \">&#xf473;<\/i>DEMANDER UN DEVIS<\/a><\/div> [\/vc_column_inner][vc_column_inner width=\u00a0\u00bb1\/2&Prime;][vc_column_text]Le bronze est un alliage m\u00e9tallique non ferreux. Autrefois, le nom de bronze \u00e9tait donn\u00e9 \u00e0 tous les alliages du cuivre. Ainsi, certains \u00abbronzes\u00bb datant du XVIIe si\u00e8cle ne sont en fait que des laitons. Aujourd&rsquo;hui, l&#8217;emploi du terme bronze se restreint aux alliages de cuivre et d&rsquo;\u00e9tain. D&rsquo;autres \u00e9l\u00e9ments (aluminium, plomb, b\u00e9ryllium, mangan\u00e8se ou tungst\u00e8ne essentiellement) peuvent \u00eatre ajout\u00e9s au m\u00e9lange.<\/p>\n<p>Les principales caract\u00e9ristiques du bronze sont :<\/p>\n<ul>\n<li>une bonne r\u00e9sistance \u00e0 l&rsquo;usure<\/li>\n<li>une r\u00e9sistance acceptable \u00e0 la corrosion mais qui ne permet pas son usage dans l&rsquo;industrie navale<\/li>\n<li>une bonne conductivit\u00e9 \u00e9lectrique<\/li>\n<\/ul>\n<p>[\/vc_column_text][\/vc_column_inner][\/vc_row_inner][\/vc_tta_section][vc_tta_section title=\u00a0\u00bblaiton\u00a0\u00bb tab_id=\u00a0\u00bb1573583037848-481fb008-2176&Prime;][vc_row_inner][vc_column_inner width=\u00a0\u00bb1\/2&Prime;][vc_single_image image=\u00a0\u00bb31505&Prime; img_size=\u00a0\u00bblarge\u00a0\u00bb alignment=\u00a0\u00bbcenter\u00a0\u00bb onclick=\u00a0\u00bblink_image\u00a0\u00bb]<div class=\"gem-button-container gem-button-position-center thegem-button-69ebb48d35c9c1372\"  ><a class=\"gem-button gem-button-size-medium gem-button-style-flat gem-button-text-weight-normal gem-button-icon-position-left\" data-ll-effect=\"drop-right-without-wrap\" style=\"border-radius: 3px;\" onmouseleave=\"\" onmouseenter=\"\" href=\"https:\/\/maxmaticbymetaconcept.com\/demande-de-devis\/\" target=\"_blank\"><i class=\"gem-print-icon gem-icon-pack-material \">&#xf473;<\/i>DEMANDER UN DEVIS<\/a><\/div> [\/vc_column_inner][vc_column_inner width=\u00a0\u00bb1\/2&Prime;][vc_column_text]Le laiton est un alliage de couleur dor\u00e9e ou argent\u00e9e, non ferreux, essentiellement compos\u00e9 de cuivre et de zinc. Il serait plus juste d&rsquo;ailleurs de parler de \u00ab laitons \u00bb, au pluriel, car les proportions de ces deux constituants peuvent varier. En outre, selon l&rsquo;usage auquel il est destin\u00e9, le laiton peut aussi contenir du plomb, de l&rsquo;\u00e9tain, du nickel, du chrome ou du magn\u00e9sium. On l&rsquo;appelle alors g\u00e9n\u00e9ralement plut\u00f4t tombac, bronze florentin (ou v\u00e9nitien), similor, archal ou pinchbeck.<\/p>\n<p>Le laiton est un alliage mall\u00e9able connu depuis la Pr\u00e9histoire. Sans doute parce qu&rsquo;\u00e0 l&rsquo;\u00e9poque d\u00e9j\u00e0, on avait constat\u00e9 qu&rsquo;il pouvait \u00eatre travaill\u00e9 \u00e0 chaud comme \u00e0 froid et qu&rsquo;il \u00e9tait facile \u00e0 usiner, \u00e0 mouler, ou encore \u00e0 emboutir.[\/vc_column_text][\/vc_column_inner][\/vc_row_inner][\/vc_tta_section][\/vc_tta_tour][\/vc_column][\/vc_row][vc_row full_width=\u00a0\u00bbstretch_row\u00a0\u00bb css=\u00a0\u00bb.vc_custom_1564596195755{background-position: center !important;background-repeat: no-repeat !important;background-size: cover !important;}\u00a0\u00bb][vc_column el_class=\u00a0\u00bb.custom-qf\u00a0\u00bb]<div class=\"clearboth\"><\/div><style>#thegem-divider-69ebb48d35cb3 {margin-top: 30px !important;}<\/style><div id=\"thegem-divider-69ebb48d35cb3\" class=\"gem-divider  \" style=\"\"><\/div>[vc_column_text css_animation=\u00a0\u00bbtop-to-bottom\u00a0\u00bb]<\/p>\n<h2 style=\"text-align: left;\">AUTRES ACCESSOIRES<\/h2>\n<p>[\/vc_column_text]<div class=\"clearboth\"><\/div><style>#thegem-divider-69ebb48d35cc3 {margin-top: 50px !important;}<\/style><div id=\"thegem-divider-69ebb48d35cc3\" class=\"gem-divider  \" style=\"\"><\/div>[vc_row_inner][vc_column_inner width=\u00a0\u00bb1\/4&Prime;][vc_hoverbox image=\u00a0\u00bb31042&Prime; primary_title=\u00a0\u00bb\u00a0\u00bb hover_title=\u00a0\u00bbCREUSETS\u00a0\u00bb hover_title_font_container=\u00a0\u00bbcolor:%23ffffff\u00a0\u00bb hover_title_use_theme_fonts=\u00a0\u00bbyes\u00a0\u00bb shape=\u00a0\u00bbsquare\u00a0\u00bb hover_background_color=\u00a0\u00bbcustom\u00a0\u00bb hover_btn_title=\u00a0\u00bbVoir le produit\u00a0\u00bb hover_btn_style=\u00a0\u00bbcustom\u00a0\u00bb hover_btn_custom_background=\u00a0\u00bb#2b2b2b\u00a0\u00bb hover_btn_custom_text=\u00a0\u00bb#ffffff\u00a0\u00bb hover_btn_shape=\u00a0\u00bbsquare\u00a0\u00bb hover_btn_i_icon_fontawesome=\u00a0\u00bbfab fa-accessible-icon\u00a0\u00bb hover_btn_css_animation=\u00a0\u00bbnone\u00a0\u00bb css_animation=\u00a0\u00bbfadeInDown\u00a0\u00bb use_custom_fonts_hover_title=\u00a0\u00bbtrue\u00a0\u00bb hover_add_button=\u00a0\u00bbtrue\u00a0\u00bb hover_btn_add_icon=\u00a0\u00bbtrue\u00a0\u00bb hover_btn_link=\u00a0\u00bburl:https%3A%2F%2Fmaxmaticbymetaconcept.com%2Ffr%2Fcatalogue%2Fconsommables%2Fcreusets%2F|title:Creusets\u00a0\u00bb hover_custom_background=\u00a0\u00bb#ae0015&Prime; hover_title_link=\u00a0\u00bburl:https%3A%2F%2Fmaxmaticbymetaconcept.com%2Ffr%2Fcatalogue%2Fconsommables%2Fcreusets%2F|title:Creusets\u00a0\u00bb][\/vc_hoverbox][\/vc_column_inner][vc_column_inner width=\u00a0\u00bb1\/4&Prime;][vc_hoverbox image=\u00a0\u00bb31437&Prime; primary_title=\u00a0\u00bb\u00a0\u00bb hover_title=\u00a0\u00bbARBRES TULIPE\u00a0\u00bb hover_title_font_container=\u00a0\u00bbcolor:%23ffffff\u00a0\u00bb hover_title_use_theme_fonts=\u00a0\u00bbyes\u00a0\u00bb shape=\u00a0\u00bbsquare\u00a0\u00bb hover_background_color=\u00a0\u00bbcustom\u00a0\u00bb hover_btn_title=\u00a0\u00bbVoir le produit\u00a0\u00bb hover_btn_style=\u00a0\u00bbcustom\u00a0\u00bb hover_btn_custom_background=\u00a0\u00bb#2b2b2b\u00a0\u00bb hover_btn_custom_text=\u00a0\u00bb#ffffff\u00a0\u00bb hover_btn_shape=\u00a0\u00bbsquare\u00a0\u00bb hover_btn_i_icon_fontawesome=\u00a0\u00bbfa fa-search-plus\u00a0\u00bb hover_btn_css_animation=\u00a0\u00bbnone\u00a0\u00bb css_animation=\u00a0\u00bbfadeInDown\u00a0\u00bb use_custom_fonts_hover_title=\u00a0\u00bbtrue\u00a0\u00bb hover_add_button=\u00a0\u00bbtrue\u00a0\u00bb hover_btn_add_icon=\u00a0\u00bbtrue\u00a0\u00bb hover_btn_link=\u00a0\u00bburl:https%3A%2F%2Fmaxmaticbymetaconcept.com%2Fcatalogue%2Faccessoires%2Fgrappage%2F|title:Grappage||\u00a0\u00bb hover_custom_background=\u00a0\u00bb#ae0015&Prime; hover_title_link=\u00a0\u00bburl:https%3A%2F%2Fmaxmaticbymetaconcept.com%2Fcatalogue%2Faccessoires%2Fgrappage%2F|title:Grappage||\u00a0\u00bb][\/vc_hoverbox][\/vc_column_inner][vc_column_inner width=\u00a0\u00bb1\/4&Prime;][\/vc_column_inner][vc_column_inner width=\u00a0\u00bb1\/4&Prime;][\/vc_column_inner][\/vc_row_inner]<div class=\"clearboth\"><\/div><style>#thegem-divider-69ebb48d35ccd {margin-top: 45px !important;}<\/style><div id=\"thegem-divider-69ebb48d35ccd\" class=\"gem-divider  \" style=\"\"><\/div>[\/vc_column][\/vc_row]<\/p>\n<\/div>","protected":false},"excerpt":{"rendered":"<p>[vc_row][vc_column][vc_column_text] Les alliages de bronze et de laiton propos\u00e9s par MAXMATIC sont utiles dans de multiples applications dans l\u2019industrie, l\u2019horlogerie&#8230;<\/p>\n","protected":false},"author":3,"featured_media":31260,"parent":30556,"menu_order":0,"comment_status":"closed","ping_status":"closed","template":"","meta":[],"acf":[],"yoast_head":"<!-- This site is optimized with the Yoast SEO plugin v19.6.1 - https:\/\/yoast.com\/wordpress\/plugins\/seo\/ -->\n<title>Alliage de bronze et laiton pour la bijouterie - Maxmatic by Metaconcept<\/title>\n<meta name=\"description\" content=\"Alliages bronze et laiton - Maxmatic, concepteur d&#039;injecteurs de cire, partenaire privil\u00e9gi\u00e9 des plus grandes maisons de bijouterie en France et dans le Monde depuis plus de 10 ans.\" \/>\n<meta name=\"robots\" content=\"index, follow, max-snippet:-1, max-image-preview:large, max-video-preview:-1\" \/>\n<link rel=\"canonical\" href=\"https:\/\/maxmaticbymetaconcept.com\/fr\/catalogue\/consommables\/alliages\/\" \/>\n<meta property=\"og:locale\" content=\"fr_FR\" \/>\n<meta property=\"og:type\" content=\"article\" \/>\n<meta property=\"og:title\" content=\"Alliage de bronze et laiton pour la bijouterie - Maxmatic by Metaconcept\" \/>\n<meta property=\"og:description\" content=\"Alliages bronze et laiton - Maxmatic, concepteur d&#039;injecteurs de cire, partenaire privil\u00e9gi\u00e9 des plus grandes maisons de bijouterie en France et dans le Monde depuis plus de 10 ans.\" \/>\n<meta property=\"og:url\" content=\"https:\/\/maxmaticbymetaconcept.com\/fr\/catalogue\/consommables\/alliages\/\" \/>\n<meta property=\"og:site_name\" content=\"Maxmatic by Metaconcept\" \/>\n<meta property=\"article:modified_time\" content=\"2021-05-20T09:22:34+00:00\" \/>\n<meta property=\"og:image\" content=\"https:\/\/maxmaticbymetaconcept.com\/wp-content\/uploads\/2019\/11\/Metaconcept-Produits-105-bronze.jpg\" \/>\n\t<meta property=\"og:image:width\" content=\"1200\" \/>\n\t<meta property=\"og:image:height\" content=\"861\" \/>\n\t<meta property=\"og:image:type\" content=\"image\/jpeg\" \/>\n<meta name=\"twitter:card\" content=\"summary_large_image\" \/>\n<meta name=\"twitter:label1\" content=\"Dur\u00e9e de lecture estim\u00e9e\" \/>\n\t<meta name=\"twitter:data1\" content=\"4 minutes\" \/>\n<script type=\"application\/ld+json\" class=\"yoast-schema-graph\">{\"@context\":\"https:\/\/schema.org\",\"@graph\":[{\"@type\":\"WebPage\",\"@id\":\"https:\/\/maxmaticbymetaconcept.com\/fr\/catalogue\/consommables\/alliages\/\",\"url\":\"https:\/\/maxmaticbymetaconcept.com\/fr\/catalogue\/consommables\/alliages\/\",\"name\":\"Alliage de bronze et laiton pour la bijouterie - Maxmatic by Metaconcept\",\"isPartOf\":{\"@id\":\"https:\/\/maxmaticbymetaconcept.com\/fr\/#website\"},\"datePublished\":\"2019-08-01T16:16:58+00:00\",\"dateModified\":\"2021-05-20T09:22:34+00:00\",\"description\":\"Alliages bronze et laiton - Maxmatic, concepteur d'injecteurs de cire, partenaire privil\u00e9gi\u00e9 des plus grandes maisons de bijouterie en France et dans le Monde depuis plus de 10 ans.\",\"breadcrumb\":{\"@id\":\"https:\/\/maxmaticbymetaconcept.com\/fr\/catalogue\/consommables\/alliages\/#breadcrumb\"},\"inLanguage\":\"fr-FR\",\"potentialAction\":[{\"@type\":\"ReadAction\",\"target\":[\"https:\/\/maxmaticbymetaconcept.com\/fr\/catalogue\/consommables\/alliages\/\"]}]},{\"@type\":\"BreadcrumbList\",\"@id\":\"https:\/\/maxmaticbymetaconcept.com\/fr\/catalogue\/consommables\/alliages\/#breadcrumb\",\"itemListElement\":[{\"@type\":\"ListItem\",\"position\":1,\"name\":\"Accueil\",\"item\":\"https:\/\/maxmaticbymetaconcept.com\/fr\/\"},{\"@type\":\"ListItem\",\"position\":2,\"name\":\"Catalogue\",\"item\":\"https:\/\/maxmaticbymetaconcept.com\/fr\/catalogue\/\"},{\"@type\":\"ListItem\",\"position\":3,\"name\":\"Consommables pour la fonte \u00e0 cire perdue\",\"item\":\"https:\/\/maxmaticbymetaconcept.com\/fr\/catalogue\/consommables\/\"},{\"@type\":\"ListItem\",\"position\":4,\"name\":\"Alliages bronze et laiton\"}]},{\"@type\":\"WebSite\",\"@id\":\"https:\/\/maxmaticbymetaconcept.com\/fr\/#website\",\"url\":\"https:\/\/maxmaticbymetaconcept.com\/fr\/\",\"name\":\"Maxmatic by Metaconcept\",\"description\":\"Concepteur d\u2019automates et d\u2019injecteurs de cire\",\"publisher\":{\"@id\":\"https:\/\/maxmaticbymetaconcept.com\/fr\/#organization\"},\"potentialAction\":[{\"@type\":\"SearchAction\",\"target\":{\"@type\":\"EntryPoint\",\"urlTemplate\":\"https:\/\/maxmaticbymetaconcept.com\/fr\/?s={search_term_string}\"},\"query-input\":\"required name=search_term_string\"}],\"inLanguage\":\"fr-FR\"},{\"@type\":\"Organization\",\"@id\":\"https:\/\/maxmaticbymetaconcept.com\/fr\/#organization\",\"name\":\"Maxmatic\",\"url\":\"https:\/\/maxmaticbymetaconcept.com\/fr\/\",\"sameAs\":[],\"logo\":{\"@type\":\"ImageObject\",\"inLanguage\":\"fr-FR\",\"@id\":\"https:\/\/maxmaticbymetaconcept.com\/fr\/#\/schema\/logo\/image\/\",\"url\":\"https:\/\/maxmaticbymetaconcept.com\/wp-content\/uploads\/2019\/12\/logo_61f27bd46ca7aded325892a414f5bc2f_1x.png\",\"contentUrl\":\"https:\/\/maxmaticbymetaconcept.com\/wp-content\/uploads\/2019\/12\/logo_61f27bd46ca7aded325892a414f5bc2f_1x.png\",\"width\":132,\"height\":25,\"caption\":\"Maxmatic\"},\"image\":{\"@id\":\"https:\/\/maxmaticbymetaconcept.com\/fr\/#\/schema\/logo\/image\/\"}}]}<\/script>\n<!-- \/ Yoast SEO plugin. -->","yoast_head_json":{"title":"Alliage de bronze et laiton pour la bijouterie - Maxmatic by Metaconcept","description":"Alliages bronze et laiton - Maxmatic, concepteur d'injecteurs de cire, partenaire privil\u00e9gi\u00e9 des plus grandes maisons de bijouterie en France et dans le Monde depuis plus de 10 ans.","robots":{"index":"index","follow":"follow","max-snippet":"max-snippet:-1","max-image-preview":"max-image-preview:large","max-video-preview":"max-video-preview:-1"},"canonical":"https:\/\/maxmaticbymetaconcept.com\/fr\/catalogue\/consommables\/alliages\/","og_locale":"fr_FR","og_type":"article","og_title":"Alliage de bronze et laiton pour la bijouterie - Maxmatic by Metaconcept","og_description":"Alliages bronze et laiton - Maxmatic, concepteur d'injecteurs de cire, partenaire privil\u00e9gi\u00e9 des plus grandes maisons de bijouterie en France et dans le Monde depuis plus de 10 ans.","og_url":"https:\/\/maxmaticbymetaconcept.com\/fr\/catalogue\/consommables\/alliages\/","og_site_name":"Maxmatic by Metaconcept","article_modified_time":"2021-05-20T09:22:34+00:00","og_image":[{"width":1200,"height":861,"url":"https:\/\/maxmaticbymetaconcept.com\/wp-content\/uploads\/2019\/11\/Metaconcept-Produits-105-bronze.jpg","type":"image\/jpeg"}],"twitter_card":"summary_large_image","twitter_misc":{"Dur\u00e9e de lecture estim\u00e9e":"4 minutes"},"schema":{"@context":"https:\/\/schema.org","@graph":[{"@type":"WebPage","@id":"https:\/\/maxmaticbymetaconcept.com\/fr\/catalogue\/consommables\/alliages\/","url":"https:\/\/maxmaticbymetaconcept.com\/fr\/catalogue\/consommables\/alliages\/","name":"Alliage de bronze et laiton pour la bijouterie - Maxmatic by Metaconcept","isPartOf":{"@id":"https:\/\/maxmaticbymetaconcept.com\/fr\/#website"},"datePublished":"2019-08-01T16:16:58+00:00","dateModified":"2021-05-20T09:22:34+00:00","description":"Alliages bronze et laiton - Maxmatic, concepteur d'injecteurs de cire, partenaire privil\u00e9gi\u00e9 des plus grandes maisons de bijouterie en France et dans le Monde depuis plus de 10 ans.","breadcrumb":{"@id":"https:\/\/maxmaticbymetaconcept.com\/fr\/catalogue\/consommables\/alliages\/#breadcrumb"},"inLanguage":"fr-FR","potentialAction":[{"@type":"ReadAction","target":["https:\/\/maxmaticbymetaconcept.com\/fr\/catalogue\/consommables\/alliages\/"]}]},{"@type":"BreadcrumbList","@id":"https:\/\/maxmaticbymetaconcept.com\/fr\/catalogue\/consommables\/alliages\/#breadcrumb","itemListElement":[{"@type":"ListItem","position":1,"name":"Accueil","item":"https:\/\/maxmaticbymetaconcept.com\/fr\/"},{"@type":"ListItem","position":2,"name":"Catalogue","item":"https:\/\/maxmaticbymetaconcept.com\/fr\/catalogue\/"},{"@type":"ListItem","position":3,"name":"Consommables pour la fonte \u00e0 cire perdue","item":"https:\/\/maxmaticbymetaconcept.com\/fr\/catalogue\/consommables\/"},{"@type":"ListItem","position":4,"name":"Alliages bronze et laiton"}]},{"@type":"WebSite","@id":"https:\/\/maxmaticbymetaconcept.com\/fr\/#website","url":"https:\/\/maxmaticbymetaconcept.com\/fr\/","name":"Maxmatic by Metaconcept","description":"Concepteur d\u2019automates et d\u2019injecteurs de cire","publisher":{"@id":"https:\/\/maxmaticbymetaconcept.com\/fr\/#organization"},"potentialAction":[{"@type":"SearchAction","target":{"@type":"EntryPoint","urlTemplate":"https:\/\/maxmaticbymetaconcept.com\/fr\/?s={search_term_string}"},"query-input":"required name=search_term_string"}],"inLanguage":"fr-FR"},{"@type":"Organization","@id":"https:\/\/maxmaticbymetaconcept.com\/fr\/#organization","name":"Maxmatic","url":"https:\/\/maxmaticbymetaconcept.com\/fr\/","sameAs":[],"logo":{"@type":"ImageObject","inLanguage":"fr-FR","@id":"https:\/\/maxmaticbymetaconcept.com\/fr\/#\/schema\/logo\/image\/","url":"https:\/\/maxmaticbymetaconcept.com\/wp-content\/uploads\/2019\/12\/logo_61f27bd46ca7aded325892a414f5bc2f_1x.png","contentUrl":"https:\/\/maxmaticbymetaconcept.com\/wp-content\/uploads\/2019\/12\/logo_61f27bd46ca7aded325892a414f5bc2f_1x.png","width":132,"height":25,"caption":"Maxmatic"},"image":{"@id":"https:\/\/maxmaticbymetaconcept.com\/fr\/#\/schema\/logo\/image\/"}}]}},"_links":{"self":[{"href":"https:\/\/maxmaticbymetaconcept.com\/fr\/wp-json\/wp\/v2\/pages\/30786"}],"collection":[{"href":"https:\/\/maxmaticbymetaconcept.com\/fr\/wp-json\/wp\/v2\/pages"}],"about":[{"href":"https:\/\/maxmaticbymetaconcept.com\/fr\/wp-json\/wp\/v2\/types\/page"}],"author":[{"embeddable":true,"href":"https:\/\/maxmaticbymetaconcept.com\/fr\/wp-json\/wp\/v2\/users\/3"}],"replies":[{"embeddable":true,"href":"https:\/\/maxmaticbymetaconcept.com\/fr\/wp-json\/wp\/v2\/comments?post=30786"}],"version-history":[{"count":16,"href":"https:\/\/maxmaticbymetaconcept.com\/fr\/wp-json\/wp\/v2\/pages\/30786\/revisions"}],"predecessor-version":[{"id":32107,"href":"https:\/\/maxmaticbymetaconcept.com\/fr\/wp-json\/wp\/v2\/pages\/30786\/revisions\/32107"}],"up":[{"embeddable":true,"href":"https:\/\/maxmaticbymetaconcept.com\/fr\/wp-json\/wp\/v2\/pages\/30556"}],"wp:featuredmedia":[{"embeddable":true,"href":"https:\/\/maxmaticbymetaconcept.com\/fr\/wp-json\/wp\/v2\/media\/31260"}],"wp:attachment":[{"href":"https:\/\/maxmaticbymetaconcept.com\/fr\/wp-json\/wp\/v2\/media?parent=30786"}],"curies":[{"name":"wp","href":"https:\/\/api.w.org\/{rel}","templated":true}]}}